{"id":8,"date":"2020-10-26T20:33:49","date_gmt":"2020-10-26T19:33:49","guid":{"rendered":"http:\/\/ingenierie-et-formation.fr\/?page_id=8"},"modified":"2025-02-12T20:10:13","modified_gmt":"2025-02-12T19:10:13","slug":"formation","status":"publish","type":"page","link":"https:\/\/ingenierie-et-formation.fr\/?page_id=8","title":{"rendered":"Formations \u00e0 la carte"},"content":{"rendered":"\n<h5 class=\"wp-block-heading\"><mark style=\"background-color:rgba(0, 0, 0, 0);color:#1e73be\" class=\"has-inline-color\"><em>Toutes les Formations \u00e0 la carte sont disponibles \u00e0 vos dates et peuvent \u00eatre dispens\u00e9es dans vos locaux<\/em><\/mark><\/h5>\n\n\n<style>#sp-ea-366 .spcollapsing { height: 0; overflow: hidden; transition-property: height;transition-duration: 500ms;}#sp-ea-366.sp-easy-accordion>.sp-ea-single {margin-bottom: 10px; border: 1px solid #e2e2e2; }#sp-ea-366.sp-easy-accordion>.sp-ea-single>.ea-header a {color: #444;}#sp-ea-366.sp-easy-accordion>.sp-ea-single>.sp-collapse>.ea-body {background: #fff; color: #444;}#sp-ea-366.sp-easy-accordion>.sp-ea-single {background: #f5efe0;}#sp-ea-366.sp-easy-accordion>.sp-ea-single>.ea-header a .ea-expand-icon { float: left; color: #444;font-size: 16px;}<\/style><div id=\"sp_easy_accordion-1738753493\">\n<div id=\"sp-ea-366\" class=\"sp-ea-one sp-easy-accordion\" data-ea-active=\"ea-click\" data-ea-mode=\"vertical\" data-preloader=\"\" data-scroll-active-item=\"\" data-offset-to-scroll=\"0\">\n\n<!-- Start accordion card div. -->\n<div class=\"ea-card  sp-ea-single\">\n\t<!-- Start accordion header. -->\n\t<h3 class=\"ea-header\">\n\t\t<!-- Add anchor tag for header. -->\n\t\t<a class=\"collapsed\" id=\"ea-header-3660\" role=\"button\" data-sptoggle=\"spcollapse\" data-sptarget=\"#collapse3660\" aria-controls=\"collapse3660\" href=\"#\"  aria-expanded=\"false\" tabindex=\"0\">\n\t\t<i aria-hidden=\"true\" role=\"presentation\" class=\"ea-expand-icon eap-icon-ea-expand-plus\"><\/i> Communiquer efficacement avec l'Intelligence Artificielle g\u00e9n\u00e9rative\t\t<\/a> <!-- Close anchor tag for header. -->\n\t<\/h3>\t<!-- Close header tag. -->\n\t<!-- Start collapsible content div. -->\n\t<div class=\"sp-collapse spcollapse spcollapse\" id=\"collapse3660\" data-parent=\"#sp-ea-366\" role=\"region\" aria-labelledby=\"ea-header-3660\">  <!-- Content div. -->\n\t\t<div class=\"ea-body\">\n\t\t<p>Boostez vos comp\u00e9tences en communication et notamment r\u00e9dactionnelles gr\u00e2ce \u00e0 l\u2019intelligence artificielle g\u00e9n\u00e9rative ! Apprenez \u00e0 formuler des demandes pr\u00e9cises, \u00e0 exploiter pleinement le potentiel de l\u2019IA et \u00e0 \u00e9viter ses pi\u00e8ges.<\/p>\n<p>Une formation pratique pour booster vos comp\u00e9tences r\u00e9dactionnelles et optimiser votre communication avec les outils d\u2019aujourd\u2019hui et de demain.<\/p>\n<p><a href=\"http:\/\/ingenierie-et-formation.fr\/wp-content\/uploads\/2025\/01\/Communiquer-efficacement-avec-lIA-generative-1.pdf\">Programme et tarif Communiquer efficacement avec l'IA g\u00e9n\u00e9rative<\/a><\/p>\n\t\t<\/div> <!-- Close content div. -->\n\t<\/div> <!-- Close collapse div. -->\n<\/div> <!-- Close card div. -->\n<!-- Start accordion card div. -->\n<div class=\"ea-card  sp-ea-single\">\n\t<!-- Start accordion header. -->\n\t<h3 class=\"ea-header\">\n\t\t<!-- Add anchor tag for header. -->\n\t\t<a class=\"collapsed\" id=\"ea-header-3661\" role=\"button\" data-sptoggle=\"spcollapse\" data-sptarget=\"#collapse3661\" aria-controls=\"collapse3661\" href=\"#\"  aria-expanded=\"false\" tabindex=\"0\">\n\t\t<i aria-hidden=\"true\" role=\"presentation\" class=\"ea-expand-icon eap-icon-ea-expand-plus\"><\/i> G\u00e9rer les situations de conflit, d'agressivit\u00e9 et d'incivilit\u00e9\t\t<\/a> <!-- Close anchor tag for header. -->\n\t<\/h3>\t<!-- Close header tag. -->\n\t<!-- Start collapsible content div. -->\n\t<div class=\"sp-collapse spcollapse spcollapse\" id=\"collapse3661\" data-parent=\"#sp-ea-366\" role=\"region\" aria-labelledby=\"ea-header-3661\">  <!-- Content div. -->\n\t\t<div class=\"ea-body\">\n\t\t<p>Transformez les tensions en opportunit\u00e9s : ma\u00eetrisez la gestion des conflits !<\/p>\n<p>Dans un monde professionnel en perp\u00e9tuel mouvement, savoir g\u00e9rer les conflits, l\u2019agressivit\u00e9 et l\u2019incivilit\u00e9 est une comp\u00e9tence cl\u00e9. Gr\u00e2ce \u00e0 notre formation, vous apprendrez \u00e0 :<\/p>\n<ul>\n<li>Identifier les causes des conflits pour mieux les pr\u00e9venir et d\u00e9samorcer les tensions.<\/li>\n<li>D\u00e9coder les m\u00e9canismes de l\u2019agressivit\u00e9 afin d\u2019adopter la bonne posture face aux comportements difficiles.<\/li>\n<li>Intervenir de mani\u00e8re adapt\u00e9e pour apaiser les situations d\u00e9licates et r\u00e9tablir un climat serein.<\/li>\n<li>D\u00e9velopper votre assertivit\u00e9 pour mieux communiquer et encourager la coop\u00e9ration.<\/li>\n<\/ul>\n<p>Ne laissez plus les conflits nuire \u00e0 votre efficacit\u00e9 et \u00e0 votre bien-\u00eatre ! Adoptez les bonnes pratiques et reprenez le contr\u00f4le avec s\u00e9r\u00e9nit\u00e9.\u00a0 Pr\u00eat \u00e0 faire de la gestion des conflits un atout ? Rejoignez-nous !<\/p>\n<p><a href=\"http:\/\/ingenierie-et-formation.fr\/wp-content\/uploads\/2025\/01\/Gerer-les-situations-de-conflits-dagressivite-et-dincivilite.pdf\">Programme et tarif G\u00e9rer les situations de conflits, d'agressivit\u00e9 et d'incivilit\u00e9<\/a><\/p>\n\t\t<\/div> <!-- Close content div. -->\n\t<\/div> <!-- Close collapse div. -->\n<\/div> <!-- Close card div. -->\n<!-- Start accordion card div. -->\n<div class=\"ea-card  sp-ea-single\">\n\t<!-- Start accordion header. -->\n\t<h3 class=\"ea-header\">\n\t\t<!-- Add anchor tag for header. -->\n\t\t<a class=\"collapsed\" id=\"ea-header-3662\" role=\"button\" data-sptoggle=\"spcollapse\" data-sptarget=\"#collapse3662\" aria-controls=\"collapse3662\" href=\"#\"  aria-expanded=\"false\" tabindex=\"0\">\n\t\t<i aria-hidden=\"true\" role=\"presentation\" class=\"ea-expand-icon eap-icon-ea-expand-plus\"><\/i> Prendre des notes efficaces pour faciliter la r\u00e9daction de comptes rendus\t\t<\/a> <!-- Close anchor tag for header. -->\n\t<\/h3>\t<!-- Close header tag. -->\n\t<!-- Start collapsible content div. -->\n\t<div class=\"sp-collapse spcollapse spcollapse\" id=\"collapse3662\" data-parent=\"#sp-ea-366\" role=\"region\" aria-labelledby=\"ea-header-3662\">  <!-- Content div. -->\n\t\t<div class=\"ea-body\">\n\t\t<p>Am\u00e9liorez vos comp\u00e9tences en prise de notes et en r\u00e9daction de comptes rendus clairs et impactants. Cette formation vous apprendra \u00e0 capturer l\u2019essentiel avec efficacit\u00e9, structurer vos \u00e9crits de mani\u00e8re objective et exploiter les outils d\u2019IA pour gagner en rapidit\u00e9 et pr\u00e9cision dans la r\u00e9daction. Une m\u00e9thode innovante pour optimiser vos comptes rendus !<\/p>\n<p><a href=\"http:\/\/ingenierie-et-formation.fr\/wp-content\/uploads\/2025\/01\/Prendre-des-notes-efficaces-pour-faciliter-la-redaction-de-comptes-rendus.pdf\">Programme et tarif Prendre des notes efficaces pour faciliter la r\u00e9daction de comptes rendus<\/a><\/p>\n\t\t<\/div> <!-- Close content div. -->\n\t<\/div> <!-- Close collapse div. -->\n<\/div> <!-- Close card div. -->\n<!-- Start accordion card div. -->\n<div class=\"ea-card  sp-ea-single\">\n\t<!-- Start accordion header. -->\n\t<h3 class=\"ea-header\">\n\t\t<!-- Add anchor tag for header. -->\n\t\t<a class=\"collapsed\" id=\"ea-header-3663\" role=\"button\" data-sptoggle=\"spcollapse\" data-sptarget=\"#collapse3663\" aria-controls=\"collapse3663\" href=\"#\"  aria-expanded=\"false\" tabindex=\"0\">\n\t\t<i aria-hidden=\"true\" role=\"presentation\" class=\"ea-expand-icon eap-icon-ea-expand-plus\"><\/i> Lire vite et de mani\u00e8re efficace\t\t<\/a> <!-- Close anchor tag for header. -->\n\t<\/h3>\t<!-- Close header tag. -->\n\t<!-- Start collapsible content div. -->\n\t<div class=\"sp-collapse spcollapse spcollapse\" id=\"collapse3663\" data-parent=\"#sp-ea-366\" role=\"region\" aria-labelledby=\"ea-header-3663\">  <!-- Content div. -->\n\t\t<div class=\"ea-body\">\n\t\t<p><strong>Trop de textes \u00e0 lire, pas assez de temps ?<\/strong><br \/>\n<strong>Et si vous lisiez plus vite, sans perdre en compr\u00e9hension ni en m\u00e9morisation ?<\/strong><\/p>\n<p>La <strong>lecture rapide<\/strong> est une comp\u00e9tence cl\u00e9 pour la recherche, la veille ou la pr\u00e9paration aux concours. Gr\u00e2ce \u00e0 une m\u00e9thode sp\u00e9cifique et un entra\u00eenement adapt\u00e9, cette formation vous apprendra \u00e0 :<br \/>\nD\u00e9velopper vos m\u00e9canismes visuels pour lire plus vite<br \/>\nAm\u00e9liorer votre compr\u00e9hension et votre capacit\u00e9 de r\u00e9tention<br \/>\nGagner en efficacit\u00e9 sur tous types de lectures, m\u00eame complexes<\/p>\n<p><strong>Boostez votre performance et ma\u00eetrisez l\u2019art de la lecture rapide !<\/strong><\/p>\n<p>Contactez-moi pour en savoir plus.<\/p>\n<p><a href=\"http:\/\/ingenierie-et-formation.fr\/wp-content\/uploads\/2020\/12\/test-lecture-chronometree.pdf\">Testez d\u00e8s maintenant votre vitesse de lecture!<\/a><\/p>\n<p>Nos formations en lecture int\u00e8grent la<a href=\"https:\/\/fr.wikipedia.org\/wiki\/Carte_heuristique\"> carte mentale<\/a>, outil\u00a0 efficace permettant d'optimiser sa prise de note et de restituer les informations de fa\u00e7on synth\u00e9tique.<\/p>\n<p><a href=\"http:\/\/ingenierie-et-formation.fr\/wp-content\/uploads\/2025\/01\/Lire-vite-et-de-maniere-efficace.pdf\">Programme et tarif Lire vite et de mani\u00e8re efficace<\/a><\/p>\n\t\t<\/div> <!-- Close content div. -->\n\t<\/div> <!-- Close collapse div. -->\n<\/div> <!-- Close card div. -->\n<!-- Start accordion card div. -->\n<div class=\"ea-card  sp-ea-single\">\n\t<!-- Start accordion header. -->\n\t<h3 class=\"ea-header\">\n\t\t<!-- Add anchor tag for header. -->\n\t\t<a class=\"collapsed\" id=\"ea-header-3664\" role=\"button\" data-sptoggle=\"spcollapse\" data-sptarget=\"#collapse3664\" aria-controls=\"collapse3664\" href=\"#\"  aria-expanded=\"false\" tabindex=\"0\">\n\t\t<i aria-hidden=\"true\" role=\"presentation\" class=\"ea-expand-icon eap-icon-ea-expand-plus\"><\/i> Optimiser ses \u00e9crits  professionnels\t\t<\/a> <!-- Close anchor tag for header. -->\n\t<\/h3>\t<!-- Close header tag. -->\n\t<!-- Start collapsible content div. -->\n\t<div class=\"sp-collapse spcollapse spcollapse\" id=\"collapse3664\" data-parent=\"#sp-ea-366\" role=\"region\" aria-labelledby=\"ea-header-3664\">  <!-- Content div. -->\n\t\t<div class=\"ea-body\">\n\t\t<p>Dans un monde professionnel o\u00f9 la communication \u00e9crite est essentielle, la clart\u00e9 et la pr\u00e9cision de vos messages font toute la diff\u00e9rence. Notre formation vous donne les cl\u00e9s pour :<\/p>\n<ul>\n<li><strong>R\u00e9diger avec aisance<\/strong> des documents administratifs adapt\u00e9s \u00e0 votre environnement professionnel.<\/li>\n<li><strong>D\u00e9velopper des m\u00e9canismes d\u2019auto-correction<\/strong> pour \u00e9viter les erreurs et renforcer votre cr\u00e9dibilit\u00e9.<\/li>\n<li><strong>Structurer des messages clairs et concis<\/strong> qui captivent vos interlocuteurs et favorisent une communication efficace.<\/li>\n<\/ul>\n<p>Rejoignez-nous et faites de vos \u00e9crits un atout strat\u00e9gique !<\/p>\n<p><a href=\"http:\/\/ingenierie-et-formation.fr\/wp-content\/uploads\/2025\/01\/Optimiser-ses-ecrits-professionnels.pdf\">Programme et tarif Optimiser ses \u00e9crits professionnels<\/a><\/p>\n\t\t<\/div> <!-- Close content div. -->\n\t<\/div> <!-- Close collapse div. -->\n<\/div> <!-- Close card div. -->\n<!-- Start accordion card div. -->\n<div class=\"ea-card  sp-ea-single\">\n\t<!-- Start accordion header. -->\n\t<h3 class=\"ea-header\">\n\t\t<!-- Add anchor tag for header. -->\n\t\t<a class=\"collapsed\" id=\"ea-header-3665\" role=\"button\" data-sptoggle=\"spcollapse\" data-sptarget=\"#collapse3665\" aria-controls=\"collapse3665\" href=\"#\"  aria-expanded=\"false\" tabindex=\"0\">\n\t\t<i aria-hidden=\"true\" role=\"presentation\" class=\"ea-expand-icon eap-icon-ea-expand-plus\"><\/i> D\u00e9velopper son esprit de synth\u00e8se \u00e0 l\u2019oral et \u00e0 l\u2019\u00e9crit\t\t<\/a> <!-- Close anchor tag for header. -->\n\t<\/h3>\t<!-- Close header tag. -->\n\t<!-- Start collapsible content div. -->\n\t<div class=\"sp-collapse spcollapse spcollapse\" id=\"collapse3665\" data-parent=\"#sp-ea-366\" role=\"region\" aria-labelledby=\"ea-header-3665\">  <!-- Content div. -->\n\t\t<div class=\"ea-body\">\n\t\t<p>Trop d\u2019informations \u00e0 traiter ?<br \/>\nDifficult\u00e9 \u00e0 restituer l\u2019essentiel avec clart\u00e9 ?<br \/>\nEnvie d\u2019exploiter l\u2019IA pour gagner en efficacit\u00e9 ?<\/p>\n<p>Cette formation vous apprendra \u00e0 :<br \/>\n\u2705 Lire efficacement pour extraire les id\u00e9es cl\u00e9s<br \/>\n\u2705 Structurer et restituer l\u2019information \u00e0 l\u2019\u00e9crit et \u00e0 l\u2019oral de fa\u00e7on percutante<br \/>\n\u2705 Utiliser l\u2019IA pour acc\u00e9l\u00e9rer et affiner la r\u00e9daction de synth\u00e8ses<\/p>\n<p>\ud83d\ude80 <strong>Gagnez en clart\u00e9 et en efficacit\u00e9 vos communications !<\/strong><\/p>\n<p>\ud83d\udce9 Contactez-moi pour en savoir plus.<\/p>\n<p><a href=\"http:\/\/ingenierie-et-formation.fr\/wp-content\/uploads\/2025\/02\/Developper-son-esprit-de-synthese-a-loral-et-a-lecrit.pdf\">Programme et tarif D\u00e9velopper son esprit de synth\u00e8se \u00e0 l'oral et \u00e0 l'\u00e9crit<\/a><\/p>\n<p>&nbsp;<\/p>\n<p>&nbsp;<\/p>\n\t\t<\/div> <!-- Close content div. -->\n\t<\/div> <!-- Close collapse div. -->\n<\/div> <!-- Close card div. -->\n<\/div>\n<\/div>\n\n\n\n\n<h2 class=\"wp-block-heading\">Communiquer efficacement avec l\u2019Intelligence Artificielle (IA) g\u00e9n\u00e9rative<\/h2>\n\n\n\n<h3 class=\"wp-block-heading\">Public \/ Pr\u00e9 requis<\/h3>\n\n\n\n<p>Tout professionnel souhaitant s\u2019initier \u00e0 l\u2019utilisation de l\u2019IA<br>Maximum 12 personnes<br>Pr\u00e9requis&nbsp;: chaque participant devra \u00eatre en possession d\u2019un ordinateur avec un acc\u00e8s \u00e0 Internet<\/p>\n\n\n\n<h3 class=\"wp-block-heading\">Points forts de la formation<\/h3>\n\n\n\n<p>Co-production avec les participants d\u2019une bo\u00eete \u00e0 outils des diff\u00e9rents panels de l\u2019IA<br>Efficacit\u00e9 p\u00e9dagogique gr\u00e2ce \u00e0 des exercices pratiques qui conjuguent plaisir et performance<br>Mise \u00e0 disposition de ressources compl\u00e9mentaires sur un espace num\u00e9rique d\u00e9di\u00e9 (padlet)<\/p>\n\n\n\n<h3 class=\"wp-block-heading\">Modalit\u00e9s<\/h3>\n\n\n\n<p><strong>Dur\u00e9e&nbsp;:<\/strong><br>soit <strong>1 jour programme initiation<\/strong><br>soit <strong>2 jours programme initiation + approfondissement<\/strong><br>Pr\u00e9sentiel et\/ou distanciel<br>Avant&nbsp;: questionnaire d\u2019autodiagnostic<br>Pendant&nbsp;: alternance d\u2019apports th\u00e9oriques et d\u2019exercices pratiques<br>Apr\u00e8s&nbsp;: \u00e9valuation de la formation \u00e0 chaud et \u00e0 froid<br>Validation&nbsp;: attestation de formation<\/p>\n\n\n\n<h3 class=\"wp-block-heading\">Objectifs<\/h3>\n\n\n\n<ul class=\"wp-block-list\">\n<li>Identifier les b\u00e9n\u00e9fices et les risques de l\u2019IA g\u00e9n\u00e9rative<\/li>\n\n\n\n<li>R\u00e9diger des prompts efficaces<\/li>\n\n\n\n<li>Explorer les diff\u00e9rents outils de l\u2019IA<\/li>\n\n\n\n<li>Gagner en efficacit\u00e9 r\u00e9dactionnelle &nbsp;<\/li>\n<\/ul>\n\n\n\n<h3 class=\"wp-block-heading\">Programme initiation (1er jour)<\/h3>\n\n\n\n<p><strong>D\u00e9finir les principes g\u00e9n\u00e9raux de l\u2019IA<\/strong><\/p>\n\n\n\n<ul class=\"wp-block-list\">\n<li>D\u00e9construire les id\u00e9es re\u00e7ues sur l\u2019IA<\/li>\n\n\n\n<li>D\u00e9finir l\u2019IA et ses champs d\u2019application<\/li>\n\n\n\n<li>Identifier les d\u00e9fis et risques de l\u2019IA<\/li>\n\n\n\n<li>Evaluer les impacts sur les comp\u00e9tences m\u00e9tier et la productivit\u00e9<\/li>\n<\/ul>\n\n\n\n<p><strong>Communiquer avec l\u2019IA: le prompt ingeneering<\/strong><\/p>\n\n\n\n<ul class=\"wp-block-list\">\n<li>R\u00e9diger des prompts clairs et pr\u00e9cis<\/li>\n\n\n\n<li>Identifier les malentendus de compr\u00e9hension<\/li>\n\n\n\n<li>V\u00e9rifier les r\u00e9ponses et ajuster<\/li>\n\n\n\n<li>Limiter les risques<\/li>\n<\/ul>\n\n\n\n<p><strong>Explorer les diff\u00e9rents outils de l\u2019IA<\/strong><\/p>\n\n\n\n<ul class=\"wp-block-list\">\n<li>Exp\u00e9rimenter les diff\u00e9rents outils selon leurs champs d\u2019application: g\u00e9n\u00e9rer du texte, des images, des pr\u00e9sentations, assistant de recherche<\/li>\n\n\n\n<li>Comparer les diff\u00e9rentes IA pour v\u00e9rifier les donn\u00e9es<\/li>\n\n\n\n<li>Co-produire sa bo\u00eete \u00e0 outils de l\u2019IA<\/li>\n<\/ul>\n\n\n\n<h3 class=\"wp-block-heading\">Programme approfondissement (2\u00e8me jour)<\/h3>\n\n\n\n<p><strong>Am\u00e9liorer ses \u00e9crits professionnels gr\u00e2ce \u00e0 l\u2019IA<\/strong><\/p>\n\n\n\n<ul class=\"wp-block-list\">\n<li>R\u00e9diger des prompts efficaces pour g\u00e9n\u00e9rer des \u00e9crits professionnels clairs et adapt\u00e9s (courriers, comptes rendus, rapports\u2026)<\/li>\n\n\n\n<li>Argumenter et organiser ses id\u00e9es avec l\u2019IA<\/li>\n\n\n\n<li>Corriger ses \u00e9crits avec l\u2019IA<\/li>\n\n\n\n<li>Evaluer les acquis de la formation<\/li>\n\n\n\n<li>Mise en pratique \u00e0 partir des besoins des participants<\/li>\n<\/ul>\n","protected":false},"excerpt":{"rendered":"<p>Toutes les Formations \u00e0 la carte sont disponibles \u00e0 vos dates et peuvent \u00eatre dispens\u00e9es dans vos locaux Communiquer efficacement avec l\u2019Intelligence Artificielle (IA) g\u00e9n\u00e9rative Public \/ Pr\u00e9 requis Tout professionnel souhaitant s\u2019initier \u00e0 l\u2019utilisation de l\u2019IAMaximum 12 personnesPr\u00e9requis&nbsp;: chaque participant devra \u00eatre en possession d\u2019un ordinateur avec un acc\u00e8s \u00e0 Internet Points forts de [&hellip;]<\/p>\n","protected":false},"author":1,"featured_media":0,"parent":0,"menu_order":0,"comment_status":"closed","ping_status":"closed","template":"templates\/template-full-width.php","meta":{"footnotes":""},"class_list":["post-8","page","type-page","status-publish","hentry"],"yoast_head":"<!-- This site is optimized with the Yoast SEO plugin v24.4 - https:\/\/yoast.com\/wordpress\/plugins\/seo\/ -->\n<title>Formations \u00e0 la carte - Nathalie Medeiros<\/title>\n<meta name=\"description\" content=\"Formation Fran\u00e7ais langue \u00e9trang\u00e8re int\u00e9gration FLE lecture rapide \u00e9crits professionnels\" \/>\n<meta name=\"robots\" content=\"index, follow, max-snippet:-1, max-image-preview:large, max-video-preview:-1\" \/>\n<link rel=\"canonical\" href=\"http:\/\/ingenierie-et-formation.fr\/?page_id=8\" \/>\n<meta property=\"og:locale\" content=\"fr_FR\" \/>\n<meta property=\"og:type\" content=\"article\" \/>\n<meta property=\"og:title\" content=\"Formations \u00e0 la carte - Nathalie Medeiros\" \/>\n<meta property=\"og:description\" content=\"Formation Fran\u00e7ais langue \u00e9trang\u00e8re int\u00e9gration FLE lecture rapide \u00e9crits professionnels\" \/>\n<meta property=\"og:url\" content=\"http:\/\/ingenierie-et-formation.fr\/?page_id=8\" \/>\n<meta property=\"og:site_name\" content=\"Nathalie Medeiros\" \/>\n<meta property=\"article:modified_time\" content=\"2025-02-12T19:10:13+00:00\" \/>\n<meta name=\"twitter:card\" content=\"summary_large_image\" \/>\n<meta name=\"twitter:label1\" content=\"Dur\u00e9e de lecture estim\u00e9e\" \/>\n\t<meta name=\"twitter:data1\" content=\"2 minutes\" \/>\n<script type=\"application\/ld+json\" class=\"yoast-schema-graph\">{\"@context\":\"https:\/\/schema.org\",\"@graph\":[{\"@type\":\"WebPage\",\"@id\":\"http:\/\/ingenierie-et-formation.fr\/?page_id=8\",\"url\":\"http:\/\/ingenierie-et-formation.fr\/?page_id=8\",\"name\":\"Formations \u00e0 la carte - Nathalie Medeiros\",\"isPartOf\":{\"@id\":\"http:\/\/ingenierie-et-formation.fr\/#website\"},\"datePublished\":\"2020-10-26T19:33:49+00:00\",\"dateModified\":\"2025-02-12T19:10:13+00:00\",\"description\":\"Formation Fran\u00e7ais langue \u00e9trang\u00e8re int\u00e9gration FLE lecture rapide \u00e9crits professionnels\",\"breadcrumb\":{\"@id\":\"http:\/\/ingenierie-et-formation.fr\/?page_id=8#breadcrumb\"},\"inLanguage\":\"fr-FR\",\"potentialAction\":[{\"@type\":\"ReadAction\",\"target\":[\"http:\/\/ingenierie-et-formation.fr\/?page_id=8\"]}]},{\"@type\":\"BreadcrumbList\",\"@id\":\"http:\/\/ingenierie-et-formation.fr\/?page_id=8#breadcrumb\",\"itemListElement\":[{\"@type\":\"ListItem\",\"position\":1,\"name\":\"Accueil\",\"item\":\"https:\/\/ingenierie-et-formation.fr\/\"},{\"@type\":\"ListItem\",\"position\":2,\"name\":\"Formations \u00e0 la carte\"}]},{\"@type\":\"WebSite\",\"@id\":\"http:\/\/ingenierie-et-formation.fr\/#website\",\"url\":\"http:\/\/ingenierie-et-formation.fr\/\",\"name\":\"Nathalie Medeiros\",\"description\":\"Ing\u00e9nierie et formation\",\"publisher\":{\"@id\":\"http:\/\/ingenierie-et-formation.fr\/#organization\"},\"potentialAction\":[{\"@type\":\"SearchAction\",\"target\":{\"@type\":\"EntryPoint\",\"urlTemplate\":\"http:\/\/ingenierie-et-formation.fr\/?s={search_term_string}\"},\"query-input\":{\"@type\":\"PropertyValueSpecification\",\"valueRequired\":true,\"valueName\":\"search_term_string\"}}],\"inLanguage\":\"fr-FR\"},{\"@type\":\"Organization\",\"@id\":\"http:\/\/ingenierie-et-formation.fr\/#organization\",\"name\":\"Nathalie Medeiros\",\"url\":\"http:\/\/ingenierie-et-formation.fr\/\",\"logo\":{\"@type\":\"ImageObject\",\"inLanguage\":\"fr-FR\",\"@id\":\"http:\/\/ingenierie-et-formation.fr\/#\/schema\/logo\/image\/\",\"url\":\"https:\/\/ingenierie-et-formation.fr\/wp-content\/uploads\/2020\/12\/logo-IF-sans-fond.png\",\"contentUrl\":\"https:\/\/ingenierie-et-formation.fr\/wp-content\/uploads\/2020\/12\/logo-IF-sans-fond.png\",\"width\":1280,\"height\":1078,\"caption\":\"Nathalie Medeiros\"},\"image\":{\"@id\":\"http:\/\/ingenierie-et-formation.fr\/#\/schema\/logo\/image\/\"}}]}<\/script>\n<!-- \/ Yoast SEO plugin. -->","yoast_head_json":{"title":"Formations \u00e0 la carte - Nathalie Medeiros","description":"Formation Fran\u00e7ais langue \u00e9trang\u00e8re int\u00e9gration FLE lecture rapide \u00e9crits professionnels","robots":{"index":"index","follow":"follow","max-snippet":"max-snippet:-1","max-image-preview":"max-image-preview:large","max-video-preview":"max-video-preview:-1"},"canonical":"http:\/\/ingenierie-et-formation.fr\/?page_id=8","og_locale":"fr_FR","og_type":"article","og_title":"Formations \u00e0 la carte - Nathalie Medeiros","og_description":"Formation Fran\u00e7ais langue \u00e9trang\u00e8re int\u00e9gration FLE lecture rapide \u00e9crits professionnels","og_url":"http:\/\/ingenierie-et-formation.fr\/?page_id=8","og_site_name":"Nathalie Medeiros","article_modified_time":"2025-02-12T19:10:13+00:00","twitter_card":"summary_large_image","twitter_misc":{"Dur\u00e9e de lecture estim\u00e9e":"2 minutes"},"schema":{"@context":"https:\/\/schema.org","@graph":[{"@type":"WebPage","@id":"http:\/\/ingenierie-et-formation.fr\/?page_id=8","url":"http:\/\/ingenierie-et-formation.fr\/?page_id=8","name":"Formations \u00e0 la carte - Nathalie Medeiros","isPartOf":{"@id":"http:\/\/ingenierie-et-formation.fr\/#website"},"datePublished":"2020-10-26T19:33:49+00:00","dateModified":"2025-02-12T19:10:13+00:00","description":"Formation Fran\u00e7ais langue \u00e9trang\u00e8re int\u00e9gration FLE lecture rapide \u00e9crits professionnels","breadcrumb":{"@id":"http:\/\/ingenierie-et-formation.fr\/?page_id=8#breadcrumb"},"inLanguage":"fr-FR","potentialAction":[{"@type":"ReadAction","target":["http:\/\/ingenierie-et-formation.fr\/?page_id=8"]}]},{"@type":"BreadcrumbList","@id":"http:\/\/ingenierie-et-formation.fr\/?page_id=8#breadcrumb","itemListElement":[{"@type":"ListItem","position":1,"name":"Accueil","item":"https:\/\/ingenierie-et-formation.fr\/"},{"@type":"ListItem","position":2,"name":"Formations \u00e0 la carte"}]},{"@type":"WebSite","@id":"http:\/\/ingenierie-et-formation.fr\/#website","url":"http:\/\/ingenierie-et-formation.fr\/","name":"Nathalie Medeiros","description":"Ing\u00e9nierie et formation","publisher":{"@id":"http:\/\/ingenierie-et-formation.fr\/#organization"},"potentialAction":[{"@type":"SearchAction","target":{"@type":"EntryPoint","urlTemplate":"http:\/\/ingenierie-et-formation.fr\/?s={search_term_string}"},"query-input":{"@type":"PropertyValueSpecification","valueRequired":true,"valueName":"search_term_string"}}],"inLanguage":"fr-FR"},{"@type":"Organization","@id":"http:\/\/ingenierie-et-formation.fr\/#organization","name":"Nathalie Medeiros","url":"http:\/\/ingenierie-et-formation.fr\/","logo":{"@type":"ImageObject","inLanguage":"fr-FR","@id":"http:\/\/ingenierie-et-formation.fr\/#\/schema\/logo\/image\/","url":"https:\/\/ingenierie-et-formation.fr\/wp-content\/uploads\/2020\/12\/logo-IF-sans-fond.png","contentUrl":"https:\/\/ingenierie-et-formation.fr\/wp-content\/uploads\/2020\/12\/logo-IF-sans-fond.png","width":1280,"height":1078,"caption":"Nathalie Medeiros"},"image":{"@id":"http:\/\/ingenierie-et-formation.fr\/#\/schema\/logo\/image\/"}}]}},"_links":{"self":[{"href":"https:\/\/ingenierie-et-formation.fr\/index.php?rest_route=\/wp\/v2\/pages\/8","targetHints":{"allow":["GET"]}}],"collection":[{"href":"https:\/\/ingenierie-et-formation.fr\/index.php?rest_route=\/wp\/v2\/pages"}],"about":[{"href":"https:\/\/ingenierie-et-formation.fr\/index.php?rest_route=\/wp\/v2\/types\/page"}],"author":[{"embeddable":true,"href":"https:\/\/ingenierie-et-formation.fr\/index.php?rest_route=\/wp\/v2\/users\/1"}],"replies":[{"embeddable":true,"href":"https:\/\/ingenierie-et-formation.fr\/index.php?rest_route=%2Fwp%2Fv2%2Fcomments&post=8"}],"version-history":[{"count":82,"href":"https:\/\/ingenierie-et-formation.fr\/index.php?rest_route=\/wp\/v2\/pages\/8\/revisions"}],"predecessor-version":[{"id":1321,"href":"https:\/\/ingenierie-et-formation.fr\/index.php?rest_route=\/wp\/v2\/pages\/8\/revisions\/1321"}],"wp:attachment":[{"href":"https:\/\/ingenierie-et-formation.fr\/index.php?rest_route=%2Fwp%2Fv2%2Fmedia&parent=8"}],"curies":[{"name":"wp","href":"https:\/\/api.w.org\/{rel}","templated":true}]}}