{"id":595,"date":"2020-12-18T14:13:17","date_gmt":"2020-12-18T13:13:17","guid":{"rendered":"http:\/\/ingenierie-et-formation.fr\/?page_id=595"},"modified":"2025-08-01T18:55:09","modified_gmt":"2025-08-01T16:55:09","slug":"formations-metier","status":"publish","type":"page","link":"https:\/\/ingenierie-et-formation.fr\/?page_id=595","title":{"rendered":"Formations sur-mesure"},"content":{"rendered":"\n<h5 class=\"wp-block-heading has-text-color\" style=\"color:#1e73be\"><mark style=\"background-color:rgba(0, 0, 0, 0);color:#1e73be\" class=\"has-inline-color\"><strong><em>Toutes les formations sur-mesure sont disponibles \u00e0 vos dates et peuvent \u00eatre dispens\u00e9es dans vos locaux<\/em><\/strong><\/mark><\/h5>\n\n\n\n<h3 class=\"wp-block-heading\"><strong>G\u00e9rer les situations de conflit, d&rsquo;agressivit\u00e9 et d&rsquo;incivilit\u00e9<\/strong><\/h3>\n\n\n\n<p>Des relations difficiles dans une \u00e9quipe? Des \u00e9changes tendus avec le public ? Une mont\u00e9e des incivilit\u00e9s et de l\u2019agressivit\u00e9 ? Des agents d\u00e9munis face \u00e0 des situations difficiles ? <\/p>\n\n\n\n<p>Des relations d\u00e9grad\u00e9es avec le public peuvent nuire \u00e0 l\u2019image de votre \u00e9tablissement et au bien-\u00eatre de vos \u00e9quipes. <strong>Notre formation sur-mesure<\/strong> vous apportera les cl\u00e9s pour :<br>\u2705 Adopter les bonnes postures face aux comportements agressifs<br>\u2705 D\u00e9samorcer les tensions avec calme et efficacit\u00e9<br>\u2705 G\u00e9rer les conflits sans stress ni perte de contr\u00f4le<\/p>\n\n\n\n<p>\ud83c\udfaf <strong>Gagnez en assurance et s\u00e9r\u00e9nit\u00e9 !<\/strong><\/p>\n\n\n\n<p>\ud83d\udce9 Contactez-moi pour \u00e9changer sur vos besoins et construire ensemble une formation adapt\u00e9e \u00e0 votre contexte professionnel<\/p>\n\n\n\n<div class=\"wp-block-media-text is-stacked-on-mobile\"><figure class=\"wp-block-media-text__media\"><img loading=\"lazy\" decoding=\"async\" width=\"1003\" height=\"368\" src=\"https:\/\/ingenierie-et-formation.fr\/wp-content\/uploads\/2025\/08\/evaluation-formation-.jpg\" alt=\"\" class=\"wp-image-1370 size-full\" srcset=\"https:\/\/ingenierie-et-formation.fr\/wp-content\/uploads\/2025\/08\/evaluation-formation-.jpg 1003w, https:\/\/ingenierie-et-formation.fr\/wp-content\/uploads\/2025\/08\/evaluation-formation--300x110.jpg 300w, https:\/\/ingenierie-et-formation.fr\/wp-content\/uploads\/2025\/08\/evaluation-formation--768x282.jpg 768w\" sizes=\"auto, (max-width: 1003px) 100vw, 1003px\" \/><\/figure><div class=\"wp-block-media-text__content\">\n<p>Les avis des participants sur la formation<\/p>\n\n\n\n<p><\/p>\n\n\n\n<figure class=\"wp-block-image size-full\"><img loading=\"lazy\" decoding=\"async\" width=\"1013\" height=\"359\" src=\"https:\/\/ingenierie-et-formation.fr\/wp-content\/uploads\/2025\/08\/competences-formatrice-1.jpg\" alt=\"\" class=\"wp-image-1377\" srcset=\"https:\/\/ingenierie-et-formation.fr\/wp-content\/uploads\/2025\/08\/competences-formatrice-1.jpg 1013w, https:\/\/ingenierie-et-formation.fr\/wp-content\/uploads\/2025\/08\/competences-formatrice-1-300x106.jpg 300w, https:\/\/ingenierie-et-formation.fr\/wp-content\/uploads\/2025\/08\/competences-formatrice-1-768x272.jpg 768w\" sizes=\"auto, (max-width: 1013px) 100vw, 1013px\" \/><\/figure>\n<\/div><\/div>\n\n\n\n<h3 class=\"wp-block-heading\"><strong>Optimiser ses \u00e9crits professionnels<\/strong><\/h3>\n\n\n\n<p>Rapports techniques, juridiques incompr\u00e9hensibles ? R\u00e9ponses maladroites aux r\u00e9clamations ? Notes de synth\u00e8se confuses ?<\/p>\n\n\n\n<p>Vos \u00e9crits professionnels jouent un r\u00f4le cl\u00e9 dans votre cr\u00e9dibilit\u00e9 et votre efficacit\u00e9. Pourtant, il est souvent difficile de r\u00e9diger des documents clairs, pr\u00e9cis et percutants.<\/p>\n\n\n\n<p>Avec <strong>notre formation sur-mesure<\/strong>, adapt\u00e9e \u00e0 vos besoins sp\u00e9cifiques, vous apprendrez \u00e0 :<br>\u2705 Structurer vos id\u00e9es pour des textes plus lisibles et percutants<br>\u2705 Rendre vos \u00e9crits techniques adapt\u00e9s aux destinataires <br>\u2705 R\u00e9diger des r\u00e9ponses professionnelles, claires et objectives <\/p>\n\n\n\n<h5 class=\"wp-block-heading has-text-color\" style=\"color:#1e73be\">\ud83c\udfaf <strong>Gagnez en clart\u00e9, en confiance et en efficacit\u00e9<\/strong> dans vos communications \u00e9crites !<\/h5>\n\n\n\n<p>\ud83d\udce9 Contactez-moi pour \u00e9changer sur vos besoins et construire avec vous une formation adapt\u00e9e \u00e0 vos enjeux.<\/p>\n\n\n\n<h3 class=\"wp-block-heading\">Booster ses f<strong>ormations<\/strong> avec l&rsquo;IA g\u00e9n\u00e9rative<\/h3>\n\n\n\n<p><strong> Formateur occasionnel ? Futur formateur ?<\/strong><br>Manque de temps pour structurer vos formations ?<br>Besoin d\u2019un programme efficace et adapt\u00e9 aux exigences Qualiopi ?<\/p>\n\n\n\n<p>Et si l\u2019<strong>intelligence artificielle<\/strong> devenait votre alli\u00e9e pour concevoir des formations claires, engageantes et adapt\u00e9es \u00e0 vos apprenants ?<\/p>\n\n\n\n<p>Avec <strong>notre formation sur-mesure<\/strong>, vous apprendrez \u00e0 :<br>\u2705 Construire rapidement un programme et un sc\u00e9nario p\u00e9dagogique pertinents<br>\u2705 G\u00e9n\u00e9rer des \u00e9valuations adapt\u00e9es aux objectifs d\u2019apprentissage<br>\u2705 Mieux r\u00e9pondre aux attentes des apprenants et aux exigences Qualiopi<\/p>\n\n\n\n<p>\ud83d\ude80<strong> Mettez l&rsquo;IA \u00e0 votre service pour gagner en efficacit\u00e9 <\/strong><\/p>\n\n\n\n<p>\ud83d\udce9 Contactez-moi pour \u00e9changer sur vos besoins et construire ensemble une formation adapt\u00e9e \u00e0 votre contexte.<\/p>\n\n\n\n<pre class=\"wp-block-code\"><code><\/code><\/pre>\n","protected":false},"excerpt":{"rendered":"<p>Toutes les formations sur-mesure sont disponibles \u00e0 vos dates et peuvent \u00eatre dispens\u00e9es dans vos locaux G\u00e9rer les situations de conflit, d&rsquo;agressivit\u00e9 et d&rsquo;incivilit\u00e9 Des relations difficiles dans une \u00e9quipe? Des \u00e9changes tendus avec le public ? Une mont\u00e9e des incivilit\u00e9s et de l\u2019agressivit\u00e9 ? Des agents d\u00e9munis face \u00e0 des situations difficiles ? Des [&hellip;]<\/p>\n","protected":false},"author":1,"featured_media":0,"parent":0,"menu_order":0,"comment_status":"closed","ping_status":"closed","template":"templates\/template-full-width.php","meta":{"footnotes":""},"class_list":["post-595","page","type-page","status-publish","hentry"],"yoast_head":"<!-- This site is optimized with the Yoast SEO plugin v24.4 - https:\/\/yoast.com\/wordpress\/plugins\/seo\/ -->\n<title>Nathalie Medeiros - Nathalie Medeiros<\/title>\n<meta name=\"description\" content=\"Booster ses accompagnements gr\u00e2ce aux outils de coaching. Accompagner des publics vari\u00e9s dans leur parcours d&#039;insertion socio-professionnel\" \/>\n<meta name=\"robots\" content=\"index, follow, max-snippet:-1, max-image-preview:large, max-video-preview:-1\" \/>\n<link rel=\"canonical\" href=\"https:\/\/ingenierie-et-formation.fr\/?page_id=595\" \/>\n<meta property=\"og:locale\" content=\"fr_FR\" \/>\n<meta property=\"og:type\" content=\"article\" \/>\n<meta property=\"og:title\" content=\"Nathalie Medeiros - Nathalie Medeiros\" \/>\n<meta property=\"og:description\" content=\"Booster ses accompagnements gr\u00e2ce aux outils de coaching. Accompagner des publics vari\u00e9s dans leur parcours d&#039;insertion socio-professionnel\" \/>\n<meta property=\"og:url\" content=\"https:\/\/ingenierie-et-formation.fr\/?page_id=595\" \/>\n<meta property=\"og:site_name\" content=\"Nathalie Medeiros\" \/>\n<meta property=\"article:modified_time\" content=\"2025-08-01T16:55:09+00:00\" \/>\n<meta property=\"og:image\" content=\"https:\/\/ingenierie-et-formation.fr\/wp-content\/uploads\/2025\/08\/evaluation-formation-.jpg\" \/>\n<meta name=\"twitter:card\" content=\"summary_large_image\" \/>\n<meta name=\"twitter:label1\" content=\"Dur\u00e9e de lecture estim\u00e9e\" \/>\n\t<meta name=\"twitter:data1\" content=\"3 minutes\" \/>\n<script type=\"application\/ld+json\" class=\"yoast-schema-graph\">{\"@context\":\"https:\/\/schema.org\",\"@graph\":[{\"@type\":\"WebPage\",\"@id\":\"https:\/\/ingenierie-et-formation.fr\/?page_id=595\",\"url\":\"https:\/\/ingenierie-et-formation.fr\/?page_id=595\",\"name\":\"Nathalie Medeiros - Nathalie Medeiros\",\"isPartOf\":{\"@id\":\"http:\/\/ingenierie-et-formation.fr\/#website\"},\"primaryImageOfPage\":{\"@id\":\"https:\/\/ingenierie-et-formation.fr\/?page_id=595#primaryimage\"},\"image\":{\"@id\":\"https:\/\/ingenierie-et-formation.fr\/?page_id=595#primaryimage\"},\"thumbnailUrl\":\"https:\/\/ingenierie-et-formation.fr\/wp-content\/uploads\/2025\/08\/evaluation-formation-.jpg\",\"datePublished\":\"2020-12-18T13:13:17+00:00\",\"dateModified\":\"2025-08-01T16:55:09+00:00\",\"description\":\"Booster ses accompagnements gr\u00e2ce aux outils de coaching. Accompagner des publics vari\u00e9s dans leur parcours d'insertion socio-professionnel\",\"breadcrumb\":{\"@id\":\"https:\/\/ingenierie-et-formation.fr\/?page_id=595#breadcrumb\"},\"inLanguage\":\"fr-FR\",\"potentialAction\":[{\"@type\":\"ReadAction\",\"target\":[\"https:\/\/ingenierie-et-formation.fr\/?page_id=595\"]}]},{\"@type\":\"ImageObject\",\"inLanguage\":\"fr-FR\",\"@id\":\"https:\/\/ingenierie-et-formation.fr\/?page_id=595#primaryimage\",\"url\":\"https:\/\/ingenierie-et-formation.fr\/wp-content\/uploads\/2025\/08\/evaluation-formation-.jpg\",\"contentUrl\":\"https:\/\/ingenierie-et-formation.fr\/wp-content\/uploads\/2025\/08\/evaluation-formation-.jpg\",\"width\":1003,\"height\":368},{\"@type\":\"BreadcrumbList\",\"@id\":\"https:\/\/ingenierie-et-formation.fr\/?page_id=595#breadcrumb\",\"itemListElement\":[{\"@type\":\"ListItem\",\"position\":1,\"name\":\"Accueil\",\"item\":\"https:\/\/ingenierie-et-formation.fr\/\"},{\"@type\":\"ListItem\",\"position\":2,\"name\":\"Formations sur-mesure\"}]},{\"@type\":\"WebSite\",\"@id\":\"http:\/\/ingenierie-et-formation.fr\/#website\",\"url\":\"http:\/\/ingenierie-et-formation.fr\/\",\"name\":\"Nathalie Medeiros\",\"description\":\"Ing\u00e9nierie et formation\",\"publisher\":{\"@id\":\"http:\/\/ingenierie-et-formation.fr\/#organization\"},\"potentialAction\":[{\"@type\":\"SearchAction\",\"target\":{\"@type\":\"EntryPoint\",\"urlTemplate\":\"http:\/\/ingenierie-et-formation.fr\/?s={search_term_string}\"},\"query-input\":{\"@type\":\"PropertyValueSpecification\",\"valueRequired\":true,\"valueName\":\"search_term_string\"}}],\"inLanguage\":\"fr-FR\"},{\"@type\":\"Organization\",\"@id\":\"http:\/\/ingenierie-et-formation.fr\/#organization\",\"name\":\"Nathalie Medeiros\",\"url\":\"http:\/\/ingenierie-et-formation.fr\/\",\"logo\":{\"@type\":\"ImageObject\",\"inLanguage\":\"fr-FR\",\"@id\":\"http:\/\/ingenierie-et-formation.fr\/#\/schema\/logo\/image\/\",\"url\":\"https:\/\/ingenierie-et-formation.fr\/wp-content\/uploads\/2020\/12\/logo-IF-sans-fond.png\",\"contentUrl\":\"https:\/\/ingenierie-et-formation.fr\/wp-content\/uploads\/2020\/12\/logo-IF-sans-fond.png\",\"width\":1280,\"height\":1078,\"caption\":\"Nathalie Medeiros\"},\"image\":{\"@id\":\"http:\/\/ingenierie-et-formation.fr\/#\/schema\/logo\/image\/\"}}]}<\/script>\n<!-- \/ Yoast SEO plugin. -->","yoast_head_json":{"title":"Nathalie Medeiros - Nathalie Medeiros","description":"Booster ses accompagnements gr\u00e2ce aux outils de coaching. Accompagner des publics vari\u00e9s dans leur parcours d'insertion socio-professionnel","robots":{"index":"index","follow":"follow","max-snippet":"max-snippet:-1","max-image-preview":"max-image-preview:large","max-video-preview":"max-video-preview:-1"},"canonical":"https:\/\/ingenierie-et-formation.fr\/?page_id=595","og_locale":"fr_FR","og_type":"article","og_title":"Nathalie Medeiros - Nathalie Medeiros","og_description":"Booster ses accompagnements gr\u00e2ce aux outils de coaching. Accompagner des publics vari\u00e9s dans leur parcours d'insertion socio-professionnel","og_url":"https:\/\/ingenierie-et-formation.fr\/?page_id=595","og_site_name":"Nathalie Medeiros","article_modified_time":"2025-08-01T16:55:09+00:00","og_image":[{"url":"https:\/\/ingenierie-et-formation.fr\/wp-content\/uploads\/2025\/08\/evaluation-formation-.jpg","type":"","width":"","height":""}],"twitter_card":"summary_large_image","twitter_misc":{"Dur\u00e9e de lecture estim\u00e9e":"3 minutes"},"schema":{"@context":"https:\/\/schema.org","@graph":[{"@type":"WebPage","@id":"https:\/\/ingenierie-et-formation.fr\/?page_id=595","url":"https:\/\/ingenierie-et-formation.fr\/?page_id=595","name":"Nathalie Medeiros - Nathalie Medeiros","isPartOf":{"@id":"http:\/\/ingenierie-et-formation.fr\/#website"},"primaryImageOfPage":{"@id":"https:\/\/ingenierie-et-formation.fr\/?page_id=595#primaryimage"},"image":{"@id":"https:\/\/ingenierie-et-formation.fr\/?page_id=595#primaryimage"},"thumbnailUrl":"https:\/\/ingenierie-et-formation.fr\/wp-content\/uploads\/2025\/08\/evaluation-formation-.jpg","datePublished":"2020-12-18T13:13:17+00:00","dateModified":"2025-08-01T16:55:09+00:00","description":"Booster ses accompagnements gr\u00e2ce aux outils de coaching. Accompagner des publics vari\u00e9s dans leur parcours d'insertion socio-professionnel","breadcrumb":{"@id":"https:\/\/ingenierie-et-formation.fr\/?page_id=595#breadcrumb"},"inLanguage":"fr-FR","potentialAction":[{"@type":"ReadAction","target":["https:\/\/ingenierie-et-formation.fr\/?page_id=595"]}]},{"@type":"ImageObject","inLanguage":"fr-FR","@id":"https:\/\/ingenierie-et-formation.fr\/?page_id=595#primaryimage","url":"https:\/\/ingenierie-et-formation.fr\/wp-content\/uploads\/2025\/08\/evaluation-formation-.jpg","contentUrl":"https:\/\/ingenierie-et-formation.fr\/wp-content\/uploads\/2025\/08\/evaluation-formation-.jpg","width":1003,"height":368},{"@type":"BreadcrumbList","@id":"https:\/\/ingenierie-et-formation.fr\/?page_id=595#breadcrumb","itemListElement":[{"@type":"ListItem","position":1,"name":"Accueil","item":"https:\/\/ingenierie-et-formation.fr\/"},{"@type":"ListItem","position":2,"name":"Formations sur-mesure"}]},{"@type":"WebSite","@id":"http:\/\/ingenierie-et-formation.fr\/#website","url":"http:\/\/ingenierie-et-formation.fr\/","name":"Nathalie Medeiros","description":"Ing\u00e9nierie et formation","publisher":{"@id":"http:\/\/ingenierie-et-formation.fr\/#organization"},"potentialAction":[{"@type":"SearchAction","target":{"@type":"EntryPoint","urlTemplate":"http:\/\/ingenierie-et-formation.fr\/?s={search_term_string}"},"query-input":{"@type":"PropertyValueSpecification","valueRequired":true,"valueName":"search_term_string"}}],"inLanguage":"fr-FR"},{"@type":"Organization","@id":"http:\/\/ingenierie-et-formation.fr\/#organization","name":"Nathalie Medeiros","url":"http:\/\/ingenierie-et-formation.fr\/","logo":{"@type":"ImageObject","inLanguage":"fr-FR","@id":"http:\/\/ingenierie-et-formation.fr\/#\/schema\/logo\/image\/","url":"https:\/\/ingenierie-et-formation.fr\/wp-content\/uploads\/2020\/12\/logo-IF-sans-fond.png","contentUrl":"https:\/\/ingenierie-et-formation.fr\/wp-content\/uploads\/2020\/12\/logo-IF-sans-fond.png","width":1280,"height":1078,"caption":"Nathalie Medeiros"},"image":{"@id":"http:\/\/ingenierie-et-formation.fr\/#\/schema\/logo\/image\/"}}]}},"_links":{"self":[{"href":"https:\/\/ingenierie-et-formation.fr\/index.php?rest_route=\/wp\/v2\/pages\/595","targetHints":{"allow":["GET"]}}],"collection":[{"href":"https:\/\/ingenierie-et-formation.fr\/index.php?rest_route=\/wp\/v2\/pages"}],"about":[{"href":"https:\/\/ingenierie-et-formation.fr\/index.php?rest_route=\/wp\/v2\/types\/page"}],"author":[{"embeddable":true,"href":"https:\/\/ingenierie-et-formation.fr\/index.php?rest_route=\/wp\/v2\/users\/1"}],"replies":[{"embeddable":true,"href":"https:\/\/ingenierie-et-formation.fr\/index.php?rest_route=%2Fwp%2Fv2%2Fcomments&post=595"}],"version-history":[{"count":54,"href":"https:\/\/ingenierie-et-formation.fr\/index.php?rest_route=\/wp\/v2\/pages\/595\/revisions"}],"predecessor-version":[{"id":1379,"href":"https:\/\/ingenierie-et-formation.fr\/index.php?rest_route=\/wp\/v2\/pages\/595\/revisions\/1379"}],"wp:attachment":[{"href":"https:\/\/ingenierie-et-formation.fr\/index.php?rest_route=%2Fwp%2Fv2%2Fmedia&parent=595"}],"curies":[{"name":"wp","href":"https:\/\/api.w.org\/{rel}","templated":true}]}}