{"id":5,"date":"2020-10-26T20:12:44","date_gmt":"2020-10-26T19:12:44","guid":{"rendered":"http:\/\/ingenierie-et-formation.fr\/?page_id=5"},"modified":"2026-01-08T15:25:18","modified_gmt":"2026-01-08T14:25:18","slug":"accueil","status":"publish","type":"page","link":"https:\/\/ingenierie-et-formation.fr\/","title":{"rendered":"Accueil"},"content":{"rendered":"\n<h1 class=\"wp-block-heading has-text-color has-link-color wp-elements-b5e6c16a0ee8c5199684b8d124c499e6\" style=\"color:#1e73be;font-size:51px\">Nathalie Medeiros<\/h1>\n\n\n<nav class=\"has-text-color has-accent-color is-responsive wp-block-navigation is-layout-flex wp-block-navigation-is-layout-flex\" aria-label=\"ing\u00e9nierie-et-formation\" \n\t\t data-wp-interactive=\"core\/navigation\" data-wp-context='{\"overlayOpenedBy\":{\"click\":false,\"hover\":false,\"focus\":false},\"type\":\"overlay\",\"roleAttribute\":\"\",\"ariaLabel\":\"Menu\"}'><button aria-haspopup=\"dialog\" aria-label=\"Ouvrir le menu\" class=\"wp-block-navigation__responsive-container-open \" \n\t\t\t\tdata-wp-on-async--click=\"actions.openMenuOnClick\"\n\t\t\t\tdata-wp-on--keydown=\"actions.handleMenuKeydown\"\n\t\t\t><svg width=\"24\" height=\"24\" xmlns=\"http:\/\/www.w3.org\/2000\/svg\" viewBox=\"0 0 24 24\" aria-hidden=\"true\" focusable=\"false\"><rect x=\"4\" y=\"7.5\" width=\"16\" height=\"1.5\" \/><rect x=\"4\" y=\"15\" width=\"16\" height=\"1.5\" \/><\/svg><\/button>\n\t\t\t\t<div class=\"wp-block-navigation__responsive-container  \"  id=\"modal-1\" \n\t\t\t\tdata-wp-class--has-modal-open=\"state.isMenuOpen\"\n\t\t\t\tdata-wp-class--is-menu-open=\"state.isMenuOpen\"\n\t\t\t\tdata-wp-watch=\"callbacks.initMenu\"\n\t\t\t\tdata-wp-on--keydown=\"actions.handleMenuKeydown\"\n\t\t\t\tdata-wp-on-async--focusout=\"actions.handleMenuFocusout\"\n\t\t\t\ttabindex=\"-1\"\n\t\t\t>\n\t\t\t\t\t<div class=\"wp-block-navigation__responsive-close\" tabindex=\"-1\">\n\t\t\t\t\t\t<div class=\"wp-block-navigation__responsive-dialog\" \n\t\t\t\tdata-wp-bind--aria-modal=\"state.ariaModal\"\n\t\t\t\tdata-wp-bind--aria-label=\"state.ariaLabel\"\n\t\t\t\tdata-wp-bind--role=\"state.roleAttribute\"\n\t\t\t>\n\t\t\t\t\t\t\t<button aria-label=\"Fermer le menu\" class=\"wp-block-navigation__responsive-container-close\" \n\t\t\t\tdata-wp-on-async--click=\"actions.closeMenuOnClick\"\n\t\t\t><svg xmlns=\"http:\/\/www.w3.org\/2000\/svg\" viewBox=\"0 0 24 24\" width=\"24\" height=\"24\" aria-hidden=\"true\" focusable=\"false\"><path d=\"m13.06 12 6.47-6.47-1.06-1.06L12 10.94 5.53 4.47 4.47 5.53 10.94 12l-6.47 6.47 1.06 1.06L12 13.06l6.47 6.47 1.06-1.06L13.06 12Z\"><\/path><\/svg><\/button>\n\t\t\t\t\t\t\t<div class=\"wp-block-navigation__responsive-container-content\" \n\t\t\t\tdata-wp-watch=\"callbacks.focusFirstElement\"\n\t\t\t id=\"modal-1-content\">\n\t\t\t\t\t\t\t\t<ul class=\"wp-block-navigation__container has-text-color has-accent-color is-responsive wp-block-navigation\"><li class=\" wp-block-navigation-item  menu-item menu-item-type-post_type menu-item-object-page wp-block-navigation-link\"><a class=\"wp-block-navigation-item__content\"  href=\"https:\/\/ingenierie-et-formation.fr\/?page_id=8\" title=\"\"><span class=\"wp-block-navigation-item__label\">Formations \u00e0 la carte<\/span><\/a><\/li><li class=\" wp-block-navigation-item  menu-item menu-item-type-post_type menu-item-object-page wp-block-navigation-link\"><a class=\"wp-block-navigation-item__content\"  href=\"https:\/\/ingenierie-et-formation.fr\/?page_id=595\" title=\"\"><span class=\"wp-block-navigation-item__label\">Formations sur-mesure<\/span><\/a><\/li><li class=\" wp-block-navigation-item  menu-item menu-item-type-post_type menu-item-object-page wp-block-navigation-link\"><a class=\"wp-block-navigation-item__content\"  href=\"https:\/\/ingenierie-et-formation.fr\/?page_id=100\" title=\"\"><span class=\"wp-block-navigation-item__label\">Coaching<\/span><\/a><\/li><\/ul>\n\t\t\t\t\t\t\t<\/div>\n\t\t\t\t\t\t<\/div>\n\t\t\t\t\t<\/div>\n\t\t\t\t<\/div><\/nav>\n\n\n<div class=\"wp-block-media-text has-media-on-the-right is-stacked-on-mobile is-vertically-aligned-top\" style=\"grid-template-columns:auto 37%\"><div class=\"wp-block-media-text__content\">\n<p>Formatrice, consultante et coach, j&rsquo;accompagne avec enthousiasme les professionnels dans le d\u00e9veloppement de leurs comp\u00e9tences. Mes interventions sur-mesure et ancr\u00e9es dans la r\u00e9alit\u00e9 des participants favorisent des apprentissages concrets et imm\u00e9diatement applicables. Dans une dynamique d\u2019am\u00e9lioration et d\u2019innovation constantes, j\u2019allie p\u00e9dagogie active, outils performants et approche adapt\u00e9e aux enjeux actuels.<\/p>\n\n\n\n<p>\ud83d\udc49 <strong>Besoin d\u2019une formation impactante et op\u00e9rationnelle ? \u00c9changeons sur vos projets !<\/strong><\/p>\n\n\n\n<p>Pourquoi faire appel \u00e0 moi? <\/p>\n\n\n\n<p>\u2705 <strong>20 ans d\u2019exp\u00e9rience<\/strong> en formation continue.<br>\u2705 Des formations <strong>sur-mesure, engageantes, efficaces<\/strong>.<br>\u2705 Une approche bas\u00e9e sur la <strong>coh\u00e9rence p\u00e9dagogique<\/strong> pour des apprentissages fluides et applicables.<\/p>\n\n\n\n<p>\u2728<strong> Mon objectif : former pour transformer !<\/strong><\/p>\n\n\n\n<p><\/p>\n<\/div><figure class=\"wp-block-media-text__media\"><img loading=\"lazy\" decoding=\"async\" width=\"768\" height=\"1024\" src=\"https:\/\/ingenierie-et-formation.fr\/wp-content\/uploads\/2020\/12\/P1030970-768x1024.jpg\" alt=\"Nathalie Medeiros\" class=\"wp-image-543 size-full\" srcset=\"https:\/\/ingenierie-et-formation.fr\/wp-content\/uploads\/2020\/12\/P1030970-768x1024.jpg 768w, https:\/\/ingenierie-et-formation.fr\/wp-content\/uploads\/2020\/12\/P1030970-225x300.jpg 225w, https:\/\/ingenierie-et-formation.fr\/wp-content\/uploads\/2020\/12\/P1030970-1152x1536.jpg 1152w, https:\/\/ingenierie-et-formation.fr\/wp-content\/uploads\/2020\/12\/P1030970-1536x2048.jpg 1536w, https:\/\/ingenierie-et-formation.fr\/wp-content\/uploads\/2020\/12\/P1030970-1200x1600.jpg 1200w, https:\/\/ingenierie-et-formation.fr\/wp-content\/uploads\/2020\/12\/P1030970-1980x2640.jpg 1980w, https:\/\/ingenierie-et-formation.fr\/wp-content\/uploads\/2020\/12\/P1030970-scaled.jpg 1920w\" sizes=\"auto, (max-width: 768px) 100vw, 768px\" \/><\/figure><\/div>\n\n\n\n<h6 class=\"wp-block-heading has-text-color has-link-color has-normal-font-size wp-elements-2ee19df15b018034b6299044d4afdba9\" style=\"color:#1e73be\">Mon approche et mon savoir-faire<\/h6>\n\n\n\n<ul class=\"wp-block-list\">\n<li><strong>Analyse sur-mesure<\/strong> : chaque formation d\u00e9marre par un recueil pr\u00e9cis des besoins, du profil des apprenants et de leur environnement professionnel.<\/li>\n\n\n\n<li><strong>Accessibilit\u00e9 pour tous<\/strong> : des moyens adapt\u00e9s pour accompagner les personnes en situation de handicap.<\/li>\n\n\n\n<li><strong>Une p\u00e9dagogie coh\u00e9rente et impactante<\/strong> : des formations construites avec logique et efficacit\u00e9.<\/li>\n\n\n\n<li><strong>Ing\u00e9nierie cr\u00e9ative et innovante<\/strong> : mix pr\u00e9sentiel\/distanciel pour une exp\u00e9rience d\u2019apprentissage optimale.<\/li>\n\n\n\n<li><strong>Am\u00e9lioration continue<\/strong> : des formations qui \u00e9voluent pour toujours mieux r\u00e9pondre aux enjeux.<\/li>\n\n\n\n<li><strong>Coaching &amp; p\u00e9dagogie participative<\/strong> : une posture de coach et des outils adapt\u00e9s pour un apprentissage engageant et actif.<\/li>\n<\/ul>\n\n\n\n<div class=\"wp-block-media-text alignwide is-stacked-on-mobile\" style=\"grid-template-columns:34% auto\"><figure class=\"wp-block-media-text__media\"><img loading=\"lazy\" decoding=\"async\" width=\"1024\" height=\"862\" src=\"http:\/\/ingenierie-et-formation.fr\/wp-content\/uploads\/2020\/11\/logo-OISEAU6g_ombre_lueurint_fond_IF-1024x862.jpg\" alt=\"\" class=\"wp-image-134 size-full\" srcset=\"https:\/\/ingenierie-et-formation.fr\/wp-content\/uploads\/2020\/11\/logo-OISEAU6g_ombre_lueurint_fond_IF-1024x862.jpg 1024w, https:\/\/ingenierie-et-formation.fr\/wp-content\/uploads\/2020\/11\/logo-OISEAU6g_ombre_lueurint_fond_IF-300x253.jpg 300w, https:\/\/ingenierie-et-formation.fr\/wp-content\/uploads\/2020\/11\/logo-OISEAU6g_ombre_lueurint_fond_IF-768x647.jpg 768w, https:\/\/ingenierie-et-formation.fr\/wp-content\/uploads\/2020\/11\/logo-OISEAU6g_ombre_lueurint_fond_IF-1200x1011.jpg 1200w, https:\/\/ingenierie-et-formation.fr\/wp-content\/uploads\/2020\/11\/logo-OISEAU6g_ombre_lueurint_fond_IF.jpg 1280w\" sizes=\"auto, (max-width: 1024px) 100vw, 1024px\" \/><\/figure><div class=\"wp-block-media-text__content\">\n<h6 class=\"wp-block-heading has-normal-font-size\"><strong><span style=\"color:#1e73be\" class=\"has-inline-color\">Mes valeurs <\/span><\/strong><\/h6>\n\n\n\n<ul class=\"wp-block-list\">\n<li><strong>Int\u00e9grit\u00e9 &amp; responsabilit\u00e9<\/strong> : transparence et engagement \u00e0 chaque \u00e9tape.<\/li>\n\n\n\n<li><strong>Respect &amp; \u00e9coute<\/strong> : des \u00e9changes bienveillants, centr\u00e9s sur vos besoins.<\/li>\n\n\n\n<li><strong>Excellence &amp; impact<\/strong> : un service de qualit\u00e9 pour des r\u00e9sultats concrets.<\/li>\n\n\n\n<li>\ud83d\udc49 <strong>Des valeurs fortes pour des formations qui font la diff\u00e9rence !<\/strong><\/li>\n<\/ul>\n\n\n\n<h6 class=\"wp-block-heading has-normal-font-size\"><strong><span style=\"color:#1e73be\" class=\"has-inline-color\">Mes engagements<\/span><\/strong><\/h6>\n\n\n\n<ul class=\"wp-block-list\">\n<li><strong>\u00c9galit\u00e9 pour tous<\/strong> : formation et emploi sans distinction d\u2019origine, d\u2019\u00e2ge, de handicap, de religion ou d\u2019orientation.<\/li>\n\n\n\n<li><strong>Z\u00e9ro discrimination<\/strong> : un cadre bienveillant o\u00f9 chacun a sa place.<\/li>\n\n\n\n<li><strong>R\u00e9ussite pour chacun<\/strong> : des moyens adapt\u00e9s pour garantir un apprentissage efficace \u00e0 tous.<\/li>\n\n\n\n<li>\ud83d\udc49 <strong>Apprendre, \u00e9voluer, s\u2019\u00e9panouir\u2026 en toute \u00e9quit\u00e9 !<\/strong><\/li>\n<\/ul>\n<\/div><\/div>\n\n\n\n<div class=\"wp-block-group\"><div class=\"wp-block-group__inner-container is-layout-constrained wp-block-group-is-layout-constrained\">\n<div class=\"wp-block-group\"><div class=\"wp-block-group__inner-container is-layout-constrained wp-block-group-is-layout-constrained\">\n<p><strong>Crealead SCOP SA \u00e0 capital variable<\/strong><br>H\u00f4tel de la coop\u00e9ration<br>55, rue Saint-Cl\u00e9ophas&nbsp;&nbsp; 34070 Montpellier<br><strong>N\u00b0 SIRET : 438 076 200 00023<\/strong><br>Code APE : 7022Z<br>N\u00b0 RCS : 438 076 200<br>N\u00b0 Formateur : 91-34-04871-34 (le num\u00e9ro de d\u00e9claration ne vaut pas agr\u00e9ment de l\u2019Etat <\/p>\n\n\n\n<figure class=\"wp-block-image size-medium\"><img loading=\"lazy\" decoding=\"async\" width=\"300\" height=\"108\" src=\"https:\/\/ingenierie-et-formation.fr\/wp-content\/uploads\/2025\/02\/image-1-300x108.png\" alt=\"\" class=\"wp-image-1325\" srcset=\"https:\/\/ingenierie-et-formation.fr\/wp-content\/uploads\/2025\/02\/image-1-300x108.png 300w, https:\/\/ingenierie-et-formation.fr\/wp-content\/uploads\/2025\/02\/image-1-1024x367.png 1024w, https:\/\/ingenierie-et-formation.fr\/wp-content\/uploads\/2025\/02\/image-1-768x276.png 768w, https:\/\/ingenierie-et-formation.fr\/wp-content\/uploads\/2025\/02\/image-1-1200x431.png 1200w, https:\/\/ingenierie-et-formation.fr\/wp-content\/uploads\/2025\/02\/image-1.png 1502w\" sizes=\"auto, (max-width: 300px) 100vw, 300px\" \/><\/figure>\n\n\n\n<p><br><\/p>\n\n\n\n<p><\/p>\n<\/div><\/div>\n<\/div><\/div>\n\n\n\n<p><\/p>\n","protected":false},"excerpt":{"rendered":"<p>Nathalie Medeiros Formatrice, consultante et coach, j&rsquo;accompagne avec enthousiasme les professionnels dans le d\u00e9veloppement de leurs comp\u00e9tences. Mes interventions sur-mesure et ancr\u00e9es dans la r\u00e9alit\u00e9 des participants favorisent des apprentissages concrets et imm\u00e9diatement applicables. Dans une dynamique d\u2019am\u00e9lioration et d\u2019innovation constantes, j\u2019allie p\u00e9dagogie active, outils performants et approche adapt\u00e9e aux enjeux actuels. \ud83d\udc49 Besoin d\u2019une [&hellip;]<\/p>\n","protected":false},"author":1,"featured_media":0,"parent":0,"menu_order":0,"comment_status":"closed","ping_status":"closed","template":"templates\/template-full-width.php","meta":{"footnotes":""},"class_list":["post-5","page","type-page","status-publish","hentry"],"yoast_head":"<!-- This site is optimized with the Yoast SEO plugin v24.4 - https:\/\/yoast.com\/wordpress\/plugins\/seo\/ -->\n<title>Accueil - Nathalie Medeiros<\/title>\n<meta name=\"description\" content=\"Nathalie Medeiros Ing\u00e9nierie Formation Conseil Coaching\" \/>\n<meta name=\"robots\" content=\"index, follow, max-snippet:-1, max-image-preview:large, max-video-preview:-1\" \/>\n<link rel=\"canonical\" href=\"https:\/\/ingenierie-et-formation.fr\/\" \/>\n<meta property=\"og:locale\" content=\"fr_FR\" \/>\n<meta property=\"og:type\" content=\"article\" \/>\n<meta property=\"og:title\" content=\"Accueil - Nathalie Medeiros\" \/>\n<meta property=\"og:description\" content=\"Nathalie Medeiros Ing\u00e9nierie Formation Conseil Coaching\" \/>\n<meta property=\"og:url\" content=\"https:\/\/ingenierie-et-formation.fr\/\" \/>\n<meta property=\"og:site_name\" content=\"Nathalie Medeiros\" \/>\n<meta property=\"article:modified_time\" content=\"2026-01-08T14:25:18+00:00\" \/>\n<meta property=\"og:image\" content=\"https:\/\/ingenierie-et-formation.fr\/wp-content\/uploads\/2020\/12\/P1030970-768x1024.jpg\" \/>\n<meta name=\"twitter:card\" content=\"summary_large_image\" \/>\n<meta name=\"twitter:label1\" content=\"Dur\u00e9e de lecture estim\u00e9e\" \/>\n\t<meta name=\"twitter:data1\" content=\"3 minutes\" \/>\n<script type=\"application\/ld+json\" class=\"yoast-schema-graph\">{\"@context\":\"https:\/\/schema.org\",\"@graph\":[{\"@type\":\"WebPage\",\"@id\":\"https:\/\/ingenierie-et-formation.fr\/\",\"url\":\"https:\/\/ingenierie-et-formation.fr\/\",\"name\":\"Accueil - Nathalie Medeiros\",\"isPartOf\":{\"@id\":\"http:\/\/ingenierie-et-formation.fr\/#website\"},\"primaryImageOfPage\":{\"@id\":\"https:\/\/ingenierie-et-formation.fr\/#primaryimage\"},\"image\":{\"@id\":\"https:\/\/ingenierie-et-formation.fr\/#primaryimage\"},\"thumbnailUrl\":\"https:\/\/ingenierie-et-formation.fr\/wp-content\/uploads\/2020\/12\/P1030970-768x1024.jpg\",\"datePublished\":\"2020-10-26T19:12:44+00:00\",\"dateModified\":\"2026-01-08T14:25:18+00:00\",\"description\":\"Nathalie Medeiros Ing\u00e9nierie Formation Conseil Coaching\",\"breadcrumb\":{\"@id\":\"https:\/\/ingenierie-et-formation.fr\/#breadcrumb\"},\"inLanguage\":\"fr-FR\",\"potentialAction\":[{\"@type\":\"ReadAction\",\"target\":[\"https:\/\/ingenierie-et-formation.fr\/\"]}]},{\"@type\":\"ImageObject\",\"inLanguage\":\"fr-FR\",\"@id\":\"https:\/\/ingenierie-et-formation.fr\/#primaryimage\",\"url\":\"https:\/\/ingenierie-et-formation.fr\/wp-content\/uploads\/2020\/12\/P1030970-768x1024.jpg\",\"contentUrl\":\"https:\/\/ingenierie-et-formation.fr\/wp-content\/uploads\/2020\/12\/P1030970-768x1024.jpg\"},{\"@type\":\"BreadcrumbList\",\"@id\":\"https:\/\/ingenierie-et-formation.fr\/#breadcrumb\",\"itemListElement\":[{\"@type\":\"ListItem\",\"position\":1,\"name\":\"Accueil\",\"item\":\"https:\/\/ingenierie-et-formation.fr\/\"},{\"@type\":\"ListItem\",\"position\":2,\"name\":\"Accueil\"}]},{\"@type\":\"WebSite\",\"@id\":\"http:\/\/ingenierie-et-formation.fr\/#website\",\"url\":\"http:\/\/ingenierie-et-formation.fr\/\",\"name\":\"Nathalie Medeiros\",\"description\":\"Ing\u00e9nierie et formation\",\"publisher\":{\"@id\":\"http:\/\/ingenierie-et-formation.fr\/#organization\"},\"potentialAction\":[{\"@type\":\"SearchAction\",\"target\":{\"@type\":\"EntryPoint\",\"urlTemplate\":\"http:\/\/ingenierie-et-formation.fr\/?s={search_term_string}\"},\"query-input\":{\"@type\":\"PropertyValueSpecification\",\"valueRequired\":true,\"valueName\":\"search_term_string\"}}],\"inLanguage\":\"fr-FR\"},{\"@type\":\"Organization\",\"@id\":\"http:\/\/ingenierie-et-formation.fr\/#organization\",\"name\":\"Nathalie Medeiros\",\"url\":\"http:\/\/ingenierie-et-formation.fr\/\",\"logo\":{\"@type\":\"ImageObject\",\"inLanguage\":\"fr-FR\",\"@id\":\"http:\/\/ingenierie-et-formation.fr\/#\/schema\/logo\/image\/\",\"url\":\"https:\/\/ingenierie-et-formation.fr\/wp-content\/uploads\/2020\/12\/logo-IF-sans-fond.png\",\"contentUrl\":\"https:\/\/ingenierie-et-formation.fr\/wp-content\/uploads\/2020\/12\/logo-IF-sans-fond.png\",\"width\":1280,\"height\":1078,\"caption\":\"Nathalie Medeiros\"},\"image\":{\"@id\":\"http:\/\/ingenierie-et-formation.fr\/#\/schema\/logo\/image\/\"}}]}<\/script>\n<!-- \/ Yoast SEO plugin. -->","yoast_head_json":{"title":"Accueil - Nathalie Medeiros","description":"Nathalie Medeiros Ing\u00e9nierie Formation Conseil Coaching","robots":{"index":"index","follow":"follow","max-snippet":"max-snippet:-1","max-image-preview":"max-image-preview:large","max-video-preview":"max-video-preview:-1"},"canonical":"https:\/\/ingenierie-et-formation.fr\/","og_locale":"fr_FR","og_type":"article","og_title":"Accueil - Nathalie Medeiros","og_description":"Nathalie Medeiros Ing\u00e9nierie Formation Conseil Coaching","og_url":"https:\/\/ingenierie-et-formation.fr\/","og_site_name":"Nathalie Medeiros","article_modified_time":"2026-01-08T14:25:18+00:00","og_image":[{"url":"https:\/\/ingenierie-et-formation.fr\/wp-content\/uploads\/2020\/12\/P1030970-768x1024.jpg","type":"","width":"","height":""}],"twitter_card":"summary_large_image","twitter_misc":{"Dur\u00e9e de lecture estim\u00e9e":"3 minutes"},"schema":{"@context":"https:\/\/schema.org","@graph":[{"@type":"WebPage","@id":"https:\/\/ingenierie-et-formation.fr\/","url":"https:\/\/ingenierie-et-formation.fr\/","name":"Accueil - Nathalie Medeiros","isPartOf":{"@id":"http:\/\/ingenierie-et-formation.fr\/#website"},"primaryImageOfPage":{"@id":"https:\/\/ingenierie-et-formation.fr\/#primaryimage"},"image":{"@id":"https:\/\/ingenierie-et-formation.fr\/#primaryimage"},"thumbnailUrl":"https:\/\/ingenierie-et-formation.fr\/wp-content\/uploads\/2020\/12\/P1030970-768x1024.jpg","datePublished":"2020-10-26T19:12:44+00:00","dateModified":"2026-01-08T14:25:18+00:00","description":"Nathalie Medeiros Ing\u00e9nierie Formation Conseil Coaching","breadcrumb":{"@id":"https:\/\/ingenierie-et-formation.fr\/#breadcrumb"},"inLanguage":"fr-FR","potentialAction":[{"@type":"ReadAction","target":["https:\/\/ingenierie-et-formation.fr\/"]}]},{"@type":"ImageObject","inLanguage":"fr-FR","@id":"https:\/\/ingenierie-et-formation.fr\/#primaryimage","url":"https:\/\/ingenierie-et-formation.fr\/wp-content\/uploads\/2020\/12\/P1030970-768x1024.jpg","contentUrl":"https:\/\/ingenierie-et-formation.fr\/wp-content\/uploads\/2020\/12\/P1030970-768x1024.jpg"},{"@type":"BreadcrumbList","@id":"https:\/\/ingenierie-et-formation.fr\/#breadcrumb","itemListElement":[{"@type":"ListItem","position":1,"name":"Accueil","item":"https:\/\/ingenierie-et-formation.fr\/"},{"@type":"ListItem","position":2,"name":"Accueil"}]},{"@type":"WebSite","@id":"http:\/\/ingenierie-et-formation.fr\/#website","url":"http:\/\/ingenierie-et-formation.fr\/","name":"Nathalie Medeiros","description":"Ing\u00e9nierie et formation","publisher":{"@id":"http:\/\/ingenierie-et-formation.fr\/#organization"},"potentialAction":[{"@type":"SearchAction","target":{"@type":"EntryPoint","urlTemplate":"http:\/\/ingenierie-et-formation.fr\/?s={search_term_string}"},"query-input":{"@type":"PropertyValueSpecification","valueRequired":true,"valueName":"search_term_string"}}],"inLanguage":"fr-FR"},{"@type":"Organization","@id":"http:\/\/ingenierie-et-formation.fr\/#organization","name":"Nathalie Medeiros","url":"http:\/\/ingenierie-et-formation.fr\/","logo":{"@type":"ImageObject","inLanguage":"fr-FR","@id":"http:\/\/ingenierie-et-formation.fr\/#\/schema\/logo\/image\/","url":"https:\/\/ingenierie-et-formation.fr\/wp-content\/uploads\/2020\/12\/logo-IF-sans-fond.png","contentUrl":"https:\/\/ingenierie-et-formation.fr\/wp-content\/uploads\/2020\/12\/logo-IF-sans-fond.png","width":1280,"height":1078,"caption":"Nathalie Medeiros"},"image":{"@id":"http:\/\/ingenierie-et-formation.fr\/#\/schema\/logo\/image\/"}}]}},"_links":{"self":[{"href":"https:\/\/ingenierie-et-formation.fr\/index.php?rest_route=\/wp\/v2\/pages\/5","targetHints":{"allow":["GET"]}}],"collection":[{"href":"https:\/\/ingenierie-et-formation.fr\/index.php?rest_route=\/wp\/v2\/pages"}],"about":[{"href":"https:\/\/ingenierie-et-formation.fr\/index.php?rest_route=\/wp\/v2\/types\/page"}],"author":[{"embeddable":true,"href":"https:\/\/ingenierie-et-formation.fr\/index.php?rest_route=\/wp\/v2\/users\/1"}],"replies":[{"embeddable":true,"href":"https:\/\/ingenierie-et-formation.fr\/index.php?rest_route=%2Fwp%2Fv2%2Fcomments&post=5"}],"version-history":[{"count":145,"href":"https:\/\/ingenierie-et-formation.fr\/index.php?rest_route=\/wp\/v2\/pages\/5\/revisions"}],"predecessor-version":[{"id":1386,"href":"https:\/\/ingenierie-et-formation.fr\/index.php?rest_route=\/wp\/v2\/pages\/5\/revisions\/1386"}],"wp:attachment":[{"href":"https:\/\/ingenierie-et-formation.fr\/index.php?rest_route=%2Fwp%2Fv2%2Fmedia&parent=5"}],"curies":[{"name":"wp","href":"https:\/\/api.w.org\/{rel}","templated":true}]}}