{"id":2,"date":"2020-10-24T11:41:15","date_gmt":"2020-10-24T09:41:15","guid":{"rendered":"http:\/\/ingenierie-et-formation.fr\/?page_id=2"},"modified":"2025-08-01T18:18:13","modified_gmt":"2025-08-01T16:18:13","slug":"references","status":"publish","type":"page","link":"https:\/\/ingenierie-et-formation.fr\/?page_id=2","title":{"rendered":"Ils me font confiance"},"content":{"rendered":"\n<div class=\"wp-block-group has-small-font-size\"><div class=\"wp-block-group__inner-container is-layout-constrained wp-block-group-is-layout-constrained\">\n<h2 class=\"wp-block-heading has-text-color has-larger-font-size\" style=\"color:#1e73be\"><a href=\"https:\/\/www.cegos.fr\/\" target=\"_blank\" rel=\"noreferrer noopener\">Cegos Formation<\/a><\/h2>\n\n\n\n<ul id=\"block-972ce3d7-02d5-423a-bd6c-f04fdb82144a\" class=\"wp-block-list\">\n<li>Ecrits professionnels\/ utiliser l&rsquo;IA g\u00e9n\u00e9rative pour optimiser ses \u00e9crits<\/li>\n\n\n\n<li>Accompagnement formation Cl\u00e9A (Certification Comp\u00e9tences-cl\u00e9s)<\/li>\n\n\n\n<li>Formation de formateurs<\/li>\n\n\n\n<li>Lire vite et retenir l&rsquo;essentiel<\/li>\n\n\n\n<li>Booster sa capacit\u00e9 \u00e0 apprendre<\/li>\n<\/ul>\n<\/div><\/div>\n\n\n\n<div class=\"wp-block-group has-small-font-size\"><div class=\"wp-block-group__inner-container is-layout-constrained wp-block-group-is-layout-constrained\">\n<h2 class=\"wp-block-heading has-text-color has-link-color has-larger-font-size wp-elements-ed3deb765350e353be035830d8439969\" style=\"color:#1e73be\"><a href=\"https:\/\/herault.fr\/\" target=\"_blank\" rel=\"noreferrer noopener\">D\u00e9partement de l&rsquo;H\u00e9rault<\/a><\/h2>\n\n\n\n<ul class=\"wp-block-list\">\n<li>Bilans professionnels <\/li>\n\n\n\n<li>Evaluation des comp\u00e9tences transversales dans le cadre de l&rsquo;accompagnement \u00e0 la transition professionnelle<\/li>\n<\/ul>\n<\/div><\/div>\n\n\n\n<div class=\"wp-block-group has-small-font-size\"><div class=\"wp-block-group__inner-container is-layout-constrained wp-block-group-is-layout-constrained\">\n<h2 class=\"wp-block-heading has-text-color has-link-color has-larger-font-size wp-elements-ac28b8129fd2c86efb74688c57ea43e1\" style=\"color:#1e73be\"><a href=\"https:\/\/www.cnfpt.fr\/\" target=\"_blank\" rel=\"noreferrer noopener\"><span style=\"color:#1e73be\" class=\"has-inline-color\">CNFPT (Centre National de la Fonction Publique Territoriale)<\/span><\/a><\/h2>\n\n\n\n<ul class=\"wp-block-list has-primary-color has-text-color\">\n<li>Techniques pour une r\u00e9daction claire et efficace<\/li>\n\n\n\n<li>Lecture rapide et efficace<\/li>\n\n\n\n<li>Prise de notes et r\u00e9daction de comptes rendus<\/li>\n\n\n\n<li>Gestion des conflits et de l&rsquo;agressivit\u00e9<\/li>\n\n\n\n<li>Utilisation de l&rsquo;IA au service des \u00e9crits professionnels<\/li>\n\n\n\n<li>Ateliers de reconversion (contrainte et\/ou choisie) et actes de candidature<\/li>\n<\/ul>\n<\/div><\/div>\n\n\n\n<div class=\"wp-block-group has-small-font-size\"><div class=\"wp-block-group__inner-container is-layout-constrained wp-block-group-is-layout-constrained\">\n<div class=\"wp-block-group\"><div class=\"wp-block-group__inner-container is-layout-constrained wp-block-group-is-layout-constrained\">\n<h2 class=\"wp-block-heading has-text-color has-link-color has-larger-font-size wp-elements-e058fc6af4e50b4e9cf54080f6d4c8b7\" style=\"color:#1e73be\"><a href=\"https:\/\/www.maregionsud.fr\/\" target=\"_blank\" rel=\"noreferrer noopener\">R\u00e9gion Sud Provence Alpes C\u00f4te d&rsquo;Azur<\/a><\/h2>\n\n\n\n<ul class=\"wp-block-list\">\n<li>e-Coaching<\/li>\n<\/ul>\n<\/div><\/div>\n<\/div><\/div>\n\n\n\n<div class=\"wp-block-group has-small-font-size\"><div class=\"wp-block-group__inner-container is-layout-constrained wp-block-group-is-layout-constrained\">\n<h2 class=\"wp-block-heading has-text-color has-link-color has-larger-font-size wp-elements-5b77acd0c135a7687d288690a166b687\" style=\"color:#1e73be\"><a href=\"https:\/\/lasolutionformation.fr\/\" target=\"_blank\" rel=\"noreferrer noopener\"><strong>Communaut\u00e9 de Communes Vall\u00e9e des Baux Alpilles<\/strong><\/a><\/h2>\n\n\n\n<ul class=\"wp-block-list\">\n<li>Am\u00e9liorer la communication et faciliter la coh\u00e9sion d&rsquo;\u00e9quipe<\/li>\n\n\n\n<li>Coaching individuel: approche personnalis\u00e9e et cibl\u00e9e<\/li>\n\n\n\n<li>Form&rsquo;action: pratiquer la coop\u00e9ration et pr\u00e9venir les conflits<\/li>\n<\/ul>\n\n\n\n<h2 class=\"wp-block-heading has-text-color has-link-color has-larger-font-size wp-elements-ec2708a9df792dace8e158240495fb6d\" style=\"color:#1e73be\"><a href=\"https:\/\/lasolutionformation.fr\/\" target=\"_blank\" rel=\"noreferrer noopener\"><strong>La Solution Formation<\/strong><\/a><\/h2>\n\n\n\n<ul class=\"wp-block-list\">\n<li>Am\u00e9liorer sa communication \u00e9crite<\/li>\n\n\n\n<li>Booster ses \u00e9crits avec l&rsquo;Intelligence Artificielle g\u00e9n\u00e9rative<\/li>\n\n\n\n<li>Utiliser la carte mentale pour faciliter la synth\u00e8se<\/li>\n<\/ul>\n<\/div><\/div>\n\n\n\n<div class=\"wp-block-group has-small-font-size\"><div class=\"wp-block-group__inner-container is-layout-constrained wp-block-group-is-layout-constrained\">\n<h2 class=\"wp-block-heading has-text-color has-link-color has-larger-font-size wp-elements-e00dc9d175b9e87e24a284b48ac2313a\" style=\"color:#1e73be\"><a href=\"https:\/\/www.cfpm-formation.fr\/\" target=\"_blank\" rel=\"noreferrer noopener\">Centre de Formation Professionnelle du Midi <\/a><\/h2>\n\n\n\n<ul class=\"wp-block-list\">\n<li>Gestion des conflits et de l&rsquo;agressivit\u00e9<\/li>\n<\/ul>\n<\/div><\/div>\n\n\n\n<div class=\"wp-block-group has-small-font-size\"><div class=\"wp-block-group__inner-container is-layout-constrained wp-block-group-is-layout-constrained\">\n<h2 class=\"wp-block-heading has-text-color has-link-color has-larger-font-size wp-elements-18f3a374b407d5e3ddf9e3e550baee75\" style=\"color:#1e73be\"><a href=\"https:\/\/btpcfa-occitanie.com\/\" target=\"_blank\" rel=\"noreferrer noopener\"><strong><span style=\"color:#1e73be\" class=\"has-inline-color\">BTP CFA Occitanie<\/span><\/strong><\/a><\/h2>\n\n\n\n<ul class=\"wp-block-list\">\n<li>Formation de formateurs<\/li>\n\n\n\n<li>Sensibilisation du personnel \u00e0 l&rsquo;accueil des publics allophones<\/li>\n<\/ul>\n<\/div><\/div>\n\n\n\n<div class=\"wp-block-group has-small-font-size\"><div class=\"wp-block-group__inner-container is-layout-constrained wp-block-group-is-layout-constrained\">\n<h2 class=\"wp-block-heading has-text-color has-link-color has-larger-font-size wp-elements-8912ebb1a48ccecef6fce81398b96d35\" style=\"color:#1e73be\"><a href=\"https:\/\/www.montpellier.fr\/273-ccas.htm\" target=\"_blank\" rel=\"noreferrer noopener\"><strong>CCAS (Centre Communal d&rsquo;Action Sociale) de Montpellier<\/strong><\/a><\/h2>\n\n\n\n<ul class=\"wp-block-list\">\n<li>Conseil en mobilit\u00e9 professionnelle: \u00e9valuation des comp\u00e9tences transversales<\/li>\n<\/ul>\n<\/div><\/div>\n\n\n\n<div class=\"wp-block-group has-small-font-size\"><div class=\"wp-block-group__inner-container is-layout-constrained wp-block-group-is-layout-constrained\">\n<h2 class=\"wp-block-heading has-text-color has-link-color has-larger-font-size wp-elements-f6bd4304261af7b0251b36d7f997b535\" style=\"color:#1e73be\"><strong>MAYOR Formation<\/strong><\/h2>\n\n\n\n<ul class=\"wp-block-list\">\n<li>Ing\u00e9nierie de formation et ing\u00e9nierie p\u00e9dagogique: actions de lutte contre l&rsquo;illettrisme<\/li>\n\n\n\n<li>Lecture rapide et efficace<\/li>\n<\/ul>\n<\/div><\/div>\n\n\n\n<div class=\"wp-block-group has-small-font-size\"><div class=\"wp-block-group__inner-container is-layout-constrained wp-block-group-is-layout-constrained\"><\/div><\/div>\n\n\n\n<h2 class=\"wp-block-heading has-text-color has-link-color has-larger-font-size wp-elements-be847d286fd44417fe878959aeb68627\" style=\"color:#1e73be\"><strong>FOR.C.E insertion professionnelle par l&rsquo;activit\u00e9 \u00e9conomique<\/strong><\/h2>\n\n\n\n<ul class=\"wp-block-list\">\n<li class=\"has-small-font-size\"> Accompagnement socio-professionnel des salari\u00e9s en insertion<\/li>\n<\/ul>\n","protected":false},"excerpt":{"rendered":"<p>Cegos Formation D\u00e9partement de l&rsquo;H\u00e9rault CNFPT (Centre National de la Fonction Publique Territoriale) R\u00e9gion Sud Provence Alpes C\u00f4te d&rsquo;Azur Communaut\u00e9 de Communes Vall\u00e9e des Baux Alpilles La Solution Formation Centre de Formation Professionnelle du Midi BTP CFA Occitanie CCAS (Centre Communal d&rsquo;Action Sociale) de Montpellier MAYOR Formation FOR.C.E insertion professionnelle par l&rsquo;activit\u00e9 \u00e9conomique<\/p>\n","protected":false},"author":1,"featured_media":0,"parent":0,"menu_order":0,"comment_status":"closed","ping_status":"open","template":"templates\/template-full-width.php","meta":{"footnotes":""},"class_list":["post-2","page","type-page","status-publish","hentry"],"yoast_head":"<!-- This site is optimized with the Yoast SEO plugin v24.4 - https:\/\/yoast.com\/wordpress\/plugins\/seo\/ -->\n<title>Ils me font confiance - Nathalie Medeiros<\/title>\n<meta name=\"robots\" content=\"index, follow, max-snippet:-1, max-image-preview:large, max-video-preview:-1\" \/>\n<link rel=\"canonical\" href=\"http:\/\/ingenierie-et-formation.fr\/?page_id=2\" \/>\n<meta property=\"og:locale\" content=\"fr_FR\" \/>\n<meta property=\"og:type\" content=\"article\" \/>\n<meta property=\"og:title\" content=\"Ils me font confiance - Nathalie Medeiros\" \/>\n<meta property=\"og:description\" content=\"Cegos Formation D\u00e9partement de l&rsquo;H\u00e9rault CNFPT (Centre National de la Fonction Publique Territoriale) R\u00e9gion Sud Provence Alpes C\u00f4te d&rsquo;Azur Communaut\u00e9 de Communes Vall\u00e9e des Baux Alpilles La Solution Formation Centre de Formation Professionnelle du Midi BTP CFA Occitanie CCAS (Centre Communal d&rsquo;Action Sociale) de Montpellier MAYOR Formation FOR.C.E insertion professionnelle par l&rsquo;activit\u00e9 \u00e9conomique\" \/>\n<meta property=\"og:url\" content=\"http:\/\/ingenierie-et-formation.fr\/?page_id=2\" \/>\n<meta property=\"og:site_name\" content=\"Nathalie Medeiros\" \/>\n<meta property=\"article:modified_time\" content=\"2025-08-01T16:18:13+00:00\" \/>\n<meta name=\"twitter:card\" content=\"summary_large_image\" \/>\n<meta name=\"twitter:label1\" content=\"Dur\u00e9e de lecture estim\u00e9e\" \/>\n\t<meta name=\"twitter:data1\" content=\"2 minutes\" \/>\n<script type=\"application\/ld+json\" class=\"yoast-schema-graph\">{\"@context\":\"https:\/\/schema.org\",\"@graph\":[{\"@type\":\"WebPage\",\"@id\":\"http:\/\/ingenierie-et-formation.fr\/?page_id=2\",\"url\":\"http:\/\/ingenierie-et-formation.fr\/?page_id=2\",\"name\":\"Ils me font confiance - Nathalie Medeiros\",\"isPartOf\":{\"@id\":\"http:\/\/ingenierie-et-formation.fr\/#website\"},\"datePublished\":\"2020-10-24T09:41:15+00:00\",\"dateModified\":\"2025-08-01T16:18:13+00:00\",\"breadcrumb\":{\"@id\":\"http:\/\/ingenierie-et-formation.fr\/?page_id=2#breadcrumb\"},\"inLanguage\":\"fr-FR\",\"potentialAction\":[{\"@type\":\"ReadAction\",\"target\":[\"http:\/\/ingenierie-et-formation.fr\/?page_id=2\"]}]},{\"@type\":\"BreadcrumbList\",\"@id\":\"http:\/\/ingenierie-et-formation.fr\/?page_id=2#breadcrumb\",\"itemListElement\":[{\"@type\":\"ListItem\",\"position\":1,\"name\":\"Accueil\",\"item\":\"https:\/\/ingenierie-et-formation.fr\/\"},{\"@type\":\"ListItem\",\"position\":2,\"name\":\"Ils me font confiance\"}]},{\"@type\":\"WebSite\",\"@id\":\"http:\/\/ingenierie-et-formation.fr\/#website\",\"url\":\"http:\/\/ingenierie-et-formation.fr\/\",\"name\":\"Nathalie Medeiros\",\"description\":\"Ing\u00e9nierie et formation\",\"publisher\":{\"@id\":\"http:\/\/ingenierie-et-formation.fr\/#organization\"},\"potentialAction\":[{\"@type\":\"SearchAction\",\"target\":{\"@type\":\"EntryPoint\",\"urlTemplate\":\"http:\/\/ingenierie-et-formation.fr\/?s={search_term_string}\"},\"query-input\":{\"@type\":\"PropertyValueSpecification\",\"valueRequired\":true,\"valueName\":\"search_term_string\"}}],\"inLanguage\":\"fr-FR\"},{\"@type\":\"Organization\",\"@id\":\"http:\/\/ingenierie-et-formation.fr\/#organization\",\"name\":\"Nathalie Medeiros\",\"url\":\"http:\/\/ingenierie-et-formation.fr\/\",\"logo\":{\"@type\":\"ImageObject\",\"inLanguage\":\"fr-FR\",\"@id\":\"http:\/\/ingenierie-et-formation.fr\/#\/schema\/logo\/image\/\",\"url\":\"https:\/\/ingenierie-et-formation.fr\/wp-content\/uploads\/2020\/12\/logo-IF-sans-fond.png\",\"contentUrl\":\"https:\/\/ingenierie-et-formation.fr\/wp-content\/uploads\/2020\/12\/logo-IF-sans-fond.png\",\"width\":1280,\"height\":1078,\"caption\":\"Nathalie Medeiros\"},\"image\":{\"@id\":\"http:\/\/ingenierie-et-formation.fr\/#\/schema\/logo\/image\/\"}}]}<\/script>\n<!-- \/ Yoast SEO plugin. -->","yoast_head_json":{"title":"Ils me font confiance - Nathalie Medeiros","robots":{"index":"index","follow":"follow","max-snippet":"max-snippet:-1","max-image-preview":"max-image-preview:large","max-video-preview":"max-video-preview:-1"},"canonical":"http:\/\/ingenierie-et-formation.fr\/?page_id=2","og_locale":"fr_FR","og_type":"article","og_title":"Ils me font confiance - Nathalie Medeiros","og_description":"Cegos Formation D\u00e9partement de l&rsquo;H\u00e9rault CNFPT (Centre National de la Fonction Publique Territoriale) R\u00e9gion Sud Provence Alpes C\u00f4te d&rsquo;Azur Communaut\u00e9 de Communes Vall\u00e9e des Baux Alpilles La Solution Formation Centre de Formation Professionnelle du Midi BTP CFA Occitanie CCAS (Centre Communal d&rsquo;Action Sociale) de Montpellier MAYOR Formation FOR.C.E insertion professionnelle par l&rsquo;activit\u00e9 \u00e9conomique","og_url":"http:\/\/ingenierie-et-formation.fr\/?page_id=2","og_site_name":"Nathalie Medeiros","article_modified_time":"2025-08-01T16:18:13+00:00","twitter_card":"summary_large_image","twitter_misc":{"Dur\u00e9e de lecture estim\u00e9e":"2 minutes"},"schema":{"@context":"https:\/\/schema.org","@graph":[{"@type":"WebPage","@id":"http:\/\/ingenierie-et-formation.fr\/?page_id=2","url":"http:\/\/ingenierie-et-formation.fr\/?page_id=2","name":"Ils me font confiance - Nathalie Medeiros","isPartOf":{"@id":"http:\/\/ingenierie-et-formation.fr\/#website"},"datePublished":"2020-10-24T09:41:15+00:00","dateModified":"2025-08-01T16:18:13+00:00","breadcrumb":{"@id":"http:\/\/ingenierie-et-formation.fr\/?page_id=2#breadcrumb"},"inLanguage":"fr-FR","potentialAction":[{"@type":"ReadAction","target":["http:\/\/ingenierie-et-formation.fr\/?page_id=2"]}]},{"@type":"BreadcrumbList","@id":"http:\/\/ingenierie-et-formation.fr\/?page_id=2#breadcrumb","itemListElement":[{"@type":"ListItem","position":1,"name":"Accueil","item":"https:\/\/ingenierie-et-formation.fr\/"},{"@type":"ListItem","position":2,"name":"Ils me font confiance"}]},{"@type":"WebSite","@id":"http:\/\/ingenierie-et-formation.fr\/#website","url":"http:\/\/ingenierie-et-formation.fr\/","name":"Nathalie Medeiros","description":"Ing\u00e9nierie et formation","publisher":{"@id":"http:\/\/ingenierie-et-formation.fr\/#organization"},"potentialAction":[{"@type":"SearchAction","target":{"@type":"EntryPoint","urlTemplate":"http:\/\/ingenierie-et-formation.fr\/?s={search_term_string}"},"query-input":{"@type":"PropertyValueSpecification","valueRequired":true,"valueName":"search_term_string"}}],"inLanguage":"fr-FR"},{"@type":"Organization","@id":"http:\/\/ingenierie-et-formation.fr\/#organization","name":"Nathalie Medeiros","url":"http:\/\/ingenierie-et-formation.fr\/","logo":{"@type":"ImageObject","inLanguage":"fr-FR","@id":"http:\/\/ingenierie-et-formation.fr\/#\/schema\/logo\/image\/","url":"https:\/\/ingenierie-et-formation.fr\/wp-content\/uploads\/2020\/12\/logo-IF-sans-fond.png","contentUrl":"https:\/\/ingenierie-et-formation.fr\/wp-content\/uploads\/2020\/12\/logo-IF-sans-fond.png","width":1280,"height":1078,"caption":"Nathalie Medeiros"},"image":{"@id":"http:\/\/ingenierie-et-formation.fr\/#\/schema\/logo\/image\/"}}]}},"_links":{"self":[{"href":"https:\/\/ingenierie-et-formation.fr\/index.php?rest_route=\/wp\/v2\/pages\/2","targetHints":{"allow":["GET"]}}],"collection":[{"href":"https:\/\/ingenierie-et-formation.fr\/index.php?rest_route=\/wp\/v2\/pages"}],"about":[{"href":"https:\/\/ingenierie-et-formation.fr\/index.php?rest_route=\/wp\/v2\/types\/page"}],"author":[{"embeddable":true,"href":"https:\/\/ingenierie-et-formation.fr\/index.php?rest_route=\/wp\/v2\/users\/1"}],"replies":[{"embeddable":true,"href":"https:\/\/ingenierie-et-formation.fr\/index.php?rest_route=%2Fwp%2Fv2%2Fcomments&post=2"}],"version-history":[{"count":126,"href":"https:\/\/ingenierie-et-formation.fr\/index.php?rest_route=\/wp\/v2\/pages\/2\/revisions"}],"predecessor-version":[{"id":1368,"href":"https:\/\/ingenierie-et-formation.fr\/index.php?rest_route=\/wp\/v2\/pages\/2\/revisions\/1368"}],"wp:attachment":[{"href":"https:\/\/ingenierie-et-formation.fr\/index.php?rest_route=%2Fwp%2Fv2%2Fmedia&parent=2"}],"curies":[{"name":"wp","href":"https:\/\/api.w.org\/{rel}","templated":true}]}}