{"id":100,"date":"2020-11-23T17:59:31","date_gmt":"2020-11-23T16:59:31","guid":{"rendered":"http:\/\/ingenierie-et-formation.fr\/?page_id=100"},"modified":"2022-03-18T10:42:38","modified_gmt":"2022-03-18T09:42:38","slug":"coaching","status":"publish","type":"page","link":"https:\/\/ingenierie-et-formation.fr\/?page_id=100","title":{"rendered":"Coaching"},"content":{"rendered":"\n<div class=\"wp-block-media-text alignwide is-stacked-on-mobile\" style=\"grid-template-columns:42% auto\"><figure class=\"wp-block-media-text__media\"><img loading=\"lazy\" decoding=\"async\" width=\"1024\" height=\"665\" src=\"http:\/\/ingenierie-et-formation.fr\/wp-content\/uploads\/2020\/11\/achieve-1822503_1920-1-1024x665.jpg\" alt=\"\" class=\"wp-image-103 size-full\" srcset=\"https:\/\/ingenierie-et-formation.fr\/wp-content\/uploads\/2020\/11\/achieve-1822503_1920-1-1024x665.jpg 1024w, https:\/\/ingenierie-et-formation.fr\/wp-content\/uploads\/2020\/11\/achieve-1822503_1920-1-300x195.jpg 300w, https:\/\/ingenierie-et-formation.fr\/wp-content\/uploads\/2020\/11\/achieve-1822503_1920-1-768x499.jpg 768w, https:\/\/ingenierie-et-formation.fr\/wp-content\/uploads\/2020\/11\/achieve-1822503_1920-1-1536x998.jpg 1536w, https:\/\/ingenierie-et-formation.fr\/wp-content\/uploads\/2020\/11\/achieve-1822503_1920-1-1200x779.jpg 1200w, https:\/\/ingenierie-et-formation.fr\/wp-content\/uploads\/2020\/11\/achieve-1822503_1920-1.jpg 1920w\" sizes=\"auto, (max-width: 1024px) 100vw, 1024px\" \/><\/figure><div class=\"wp-block-media-text__content\">\n<h3 class=\"wp-block-heading\"><mark style=\"background-color:rgba(0, 0, 0, 0);color:#1a4c70\" class=\"has-inline-color\">Coaching en \u00e9volution professionnelle<\/mark><\/h3>\n\n\n\n<p class=\"has-large-font-size\"><strong><span style=\"color:#1a4c70\" class=\"has-inline-color\">Boostez votre potentiel!<\/span><\/strong><\/p>\n<\/div><\/div>\n\n\n\n<div class=\"wp-block-media-text alignwide has-media-on-the-right is-stacked-on-mobile\" style=\"grid-template-columns:auto 42%\"><figure class=\"wp-block-media-text__media\"><img loading=\"lazy\" decoding=\"async\" width=\"1024\" height=\"681\" src=\"http:\/\/ingenierie-et-formation.fr\/wp-content\/uploads\/2020\/11\/business-idea-534228_1920-1024x681.jpg\" alt=\"\" class=\"wp-image-105 size-full\" srcset=\"https:\/\/ingenierie-et-formation.fr\/wp-content\/uploads\/2020\/11\/business-idea-534228_1920-1024x681.jpg 1024w, https:\/\/ingenierie-et-formation.fr\/wp-content\/uploads\/2020\/11\/business-idea-534228_1920-300x199.jpg 300w, https:\/\/ingenierie-et-formation.fr\/wp-content\/uploads\/2020\/11\/business-idea-534228_1920-768x510.jpg 768w, https:\/\/ingenierie-et-formation.fr\/wp-content\/uploads\/2020\/11\/business-idea-534228_1920-1536x1021.jpg 1536w, https:\/\/ingenierie-et-formation.fr\/wp-content\/uploads\/2020\/11\/business-idea-534228_1920-1200x798.jpg 1200w, https:\/\/ingenierie-et-formation.fr\/wp-content\/uploads\/2020\/11\/business-idea-534228_1920.jpg 1920w\" sizes=\"auto, (max-width: 1024px) 100vw, 1024px\" \/><\/figure><div class=\"wp-block-media-text__content\">\n<h5 class=\"wp-block-heading\"><mark style=\"background-color:rgba(0, 0, 0, 0);color:#1a4c70\" class=\"has-inline-color\"><strong>Un coach pour quoi faire ?<\/strong><\/mark><\/h5>\n\n\n\n<ul class=\"wp-block-list\" id=\"block-43b1fafe-b3dd-4719-8da9-f3a5c47f48d3\"><li><mark style=\"background-color:rgba(0, 0, 0, 0);color:#1a4c70\" class=\"has-inline-color\">pour vous accompagner dans tous les changements de vie<\/mark><\/li><li><mark style=\"background-color:rgba(0, 0, 0, 0);color:#1a4c70\" class=\"has-inline-color\">pour faire \u00e9merger vos envies<\/mark><\/li><li><mark style=\"background-color:rgba(0, 0, 0, 0);color:#1a4c70\" class=\"has-inline-color\">pour booster votre potentiel et d\u00e9passer vos blocages<\/mark><\/li><li><mark style=\"background-color:rgba(0, 0, 0, 0);color:#1a4c70\" class=\"has-inline-color\">pour vous faire prendre conscience et confiance<\/mark><\/li><li><mark style=\"background-color:rgba(0, 0, 0, 0);color:#1a4c70\" class=\"has-inline-color\">pour oser \u00e9voluer et r\u00e9ussir<\/mark><\/li><\/ul>\n\n\n\n<p><\/p>\n<\/div><\/div>\n\n\n\n<h5 class=\"wp-block-heading\"><strong><span style=\"color:#1a4c70\" class=\"has-inline-color\">Coach personnelle et professionnelle certifi\u00e9e RNCP<\/span><\/strong><\/h5>\n\n\n\n<p><mark style=\"background-color:rgba(0, 0, 0, 0);color:#1a4c70\" class=\"has-inline-color\">Apr\u00e8s 10 ans d&rsquo;exp\u00e9rience comme consultante formatrice en d\u00e9veloppement des comp\u00e9tences, j&rsquo;ai d\u00e9velopp\u00e9 une v\u00e9ritable expertise en \u00e9volution et reconversion professionnelles. En tant que coach, je vous aide \u00e0 optimiser votre potentiel pour prendre une nouvelle direction et vous \u00e9panouir sur le plan personnel et professionnel. <\/mark><\/p>\n\n\n\n<div class=\"wp-block-media-text alignwide is-stacked-on-mobile\" style=\"grid-template-columns:41% auto\"><figure class=\"wp-block-media-text__media\"><img loading=\"lazy\" decoding=\"async\" width=\"1024\" height=\"576\" src=\"http:\/\/ingenierie-et-formation.fr\/wp-content\/uploads\/2020\/11\/head-2713349_1280-1-1024x576.jpg\" alt=\"\" class=\"wp-image-104 size-full\" srcset=\"https:\/\/ingenierie-et-formation.fr\/wp-content\/uploads\/2020\/11\/head-2713349_1280-1-1024x576.jpg 1024w, https:\/\/ingenierie-et-formation.fr\/wp-content\/uploads\/2020\/11\/head-2713349_1280-1-300x169.jpg 300w, https:\/\/ingenierie-et-formation.fr\/wp-content\/uploads\/2020\/11\/head-2713349_1280-1-768x432.jpg 768w, https:\/\/ingenierie-et-formation.fr\/wp-content\/uploads\/2020\/11\/head-2713349_1280-1-1200x675.jpg 1200w, https:\/\/ingenierie-et-formation.fr\/wp-content\/uploads\/2020\/11\/head-2713349_1280-1.jpg 1280w\" sizes=\"auto, (max-width: 1024px) 100vw, 1024px\" \/><\/figure><div class=\"wp-block-media-text__content\">\n<h5 class=\"wp-block-heading\"><mark style=\"background-color:rgba(0, 0, 0, 0);color:#1a4c70\" class=\"has-inline-color\">La valeur ajout\u00e9e du coaching<\/mark><\/h5>\n\n\n\n<ul class=\"wp-block-list\" id=\"block-6ad74db3-0a7d-40b4-9f8a-be1788ac42a4\"><li><mark style=\"background-color:rgba(0, 0, 0, 0);color:#1a4c70\" class=\"has-inline-color\">questionner, r\u00e9fl\u00e9chir, agir<\/mark><\/li><li><mark style=\"background-color:rgba(0, 0, 0, 0);color:#1a4c70\" class=\"has-inline-color\">d\u00e9construire les blocages pour les d\u00e9passer<\/mark><\/li><li><mark style=\"background-color:rgba(0, 0, 0, 0);color:#1a4c70\" class=\"has-inline-color\">construire un plan d&rsquo;action SMART (sp\u00e9cifique, mesurable, ambitieux, r\u00e9aliste, temporel)<\/mark><\/li><\/ul>\n\n\n\n<p><\/p>\n<\/div><\/div>\n\n\n\n<h5 class=\"wp-block-heading\"><mark style=\"background-color:rgba(0, 0, 0, 0);color:#1a4c70\" class=\"has-inline-color\">Comment se passe le coaching ?<\/mark><\/h5>\n\n\n\n<ul class=\"wp-block-list\"><li><mark style=\"background-color:rgba(0, 0, 0, 0);color:#1a4c70\" class=\"has-inline-color\">aucune s\u00e9ance ne ressemble \u00e0 la suivante; c&rsquo;est votre engagement dans le changement qui donne le tempo<\/mark><\/li><li><mark style=\"background-color:rgba(0, 0, 0, 0);color:#1a4c70\" class=\"has-inline-color\">chaque s\u00e9ance de coaching dure entre 1h et 1h30 toutes les 2 \u00e0 3 semaines<\/mark><\/li><li><mark style=\"background-color:rgba(0, 0, 0, 0);color:#1a4c70\" class=\"has-inline-color\">le nombre de s\u00e9ances varie entre 6 et 10 s\u00e9ances selon les objectifs \u00e0 atteindre<\/mark><\/li><li><mark style=\"background-color:rgba(0, 0, 0, 0);color:#1a4c70\" class=\"has-inline-color\">une 1\u00e8re s\u00e9ance de cadrage pour faire le point sur votre situation, vos attentes, vos besoins, vos objectifs  et \u00e9valuer le nombre de s\u00e9ances n\u00e9cessaires pour les atteindre. Une contractualisation permet de valider le r\u00e8glement de confiance r\u00e9ciproque, le nombre de s\u00e9ances n\u00e9cessaires pour atteindre les objectifs <\/mark><\/li><\/ul>\n\n\n\n<p><strong><span style=\"color:#1a4c70\" class=\"has-inline-color\">Mes objectifs<\/span><\/strong><\/p>\n\n\n\n<ul class=\"wp-block-list\"><li><mark style=\"background-color:rgba(0, 0, 0, 0);color:#1a4c70\" class=\"has-inline-color\">accompagner le changement professionnel<\/mark><\/li><li><mark style=\"background-color:rgba(0, 0, 0, 0);color:#1a4c70\" class=\"has-inline-color\">booster son potentiel pour transformer les difficult\u00e9s en opportunit\u00e9s<\/mark><\/li><li><mark style=\"background-color:rgba(0, 0, 0, 0);color:#1a4c70\" class=\"has-inline-color\">faciliter les apprentissages et le d\u00e9veloppement personnel<\/mark><\/li><\/ul>\n\n\n\n<p><strong><span style=\"color:#1a4c70\" class=\"has-inline-color\">Tarif<\/span><\/strong><\/p>\n\n\n\n<ul class=\"wp-block-list\"><li><mark style=\"background-color:rgba(0, 0, 0, 0);color:#1a4c70\" class=\"has-inline-color\">70 \u20ac  la s\u00e9ance de coaching (particulier)<\/mark><\/li><li><mark style=\"background-color:rgba(0, 0, 0, 0);color:#1a4c70\" class=\"has-inline-color\">Tarif entreprise sur devis<\/mark><\/li><\/ul>\n\n\n\n<p><mark style=\"background-color:rgba(0, 0, 0, 0);color:#1a4c70\" class=\"has-inline-color\"><strong>Lieu  <\/strong><\/mark><\/p>\n\n\n\n<ul class=\"wp-block-list\"><li><mark style=\"background-color:rgba(0, 0, 0, 0);color:#1a4c70\" class=\"has-inline-color\">En pr\u00e9sentiel \u00e0 Montpellier au 55 rue Romy Schneider<\/mark><\/li><li><a href=\"https:\/\/goo.gl\/maps\/AEc2fn3vPDnoVzM46\" target=\"_blank\" rel=\"noreferrer noopener\">https:\/\/goo.gl\/maps\/AEc2fn3vPDnoVzM46<\/a><\/li><li><mark style=\"background-color:rgba(0, 0, 0, 0);color:#1a4c70\" class=\"has-inline-color\">A distance: par t\u00e9l\u00e9phone ou en visio (Zoom)<\/mark><\/li><\/ul>\n\n\n\n<div class=\"wp-block-buttons is-layout-flex wp-block-buttons-is-layout-flex\">\n<div class=\"wp-block-button\"><a class=\"wp-block-button__link has-background\" href=\"http:\/\/ingenierie-et-formation.fr\/?page_id=9\" style=\"background-color:#1a4c70\" target=\"_blank\" rel=\"noreferrer noopener\">1\u00e8re s\u00e9ance offerte pour \u00e9valuer vos besoins et proposer un plan d&rsquo;action<\/a><\/div>\n\n\n\n<div class=\"wp-block-button\"><a class=\"wp-block-button__link has-text-color has-background\" href=\"http:\/\/ingenierie-et-formation.fr\/?page_id=9\" style=\"background-color:#1a4c70;color:#1a4c70\" target=\"_blank\" rel=\"noreferrer noopener\"><mark style=\"background-color:rgba(0, 0, 0, 0)\" class=\"has-inline-color has-background-color\"><strong>contactez moi<\/strong> pour un premier entretien gratuit<\/mark><\/a><\/div>\n<\/div>\n\n\n\n<p> <\/p>\n","protected":false},"excerpt":{"rendered":"<p>Coaching en \u00e9volution professionnelle Boostez votre potentiel! Un coach pour quoi faire ? pour vous accompagner dans tous les changements de vie pour faire \u00e9merger vos envies pour booster votre potentiel et d\u00e9passer vos blocages pour vous faire prendre conscience et confiance pour oser \u00e9voluer et r\u00e9ussir Coach personnelle et professionnelle certifi\u00e9e RNCP Apr\u00e8s 10 [&hellip;]<\/p>\n","protected":false},"author":1,"featured_media":0,"parent":0,"menu_order":0,"comment_status":"closed","ping_status":"closed","template":"","meta":{"footnotes":""},"class_list":["post-100","page","type-page","status-publish","hentry"],"yoast_head":"<!-- This site is optimized with the Yoast SEO plugin v24.4 - https:\/\/yoast.com\/wordpress\/plugins\/seo\/ -->\n<title>Coaching - Nathalie Medeiros<\/title>\n<meta name=\"description\" content=\"Nathalie Medeiros est coach certifi\u00e9e en \u00e9volution professionnelle depuis\" \/>\n<meta name=\"robots\" content=\"index, follow, max-snippet:-1, max-image-preview:large, max-video-preview:-1\" \/>\n<link rel=\"canonical\" href=\"https:\/\/ingenierie-et-formation.fr\/?page_id=100\" \/>\n<meta property=\"og:locale\" content=\"fr_FR\" \/>\n<meta property=\"og:type\" content=\"article\" \/>\n<meta property=\"og:title\" content=\"Coaching - Nathalie Medeiros\" \/>\n<meta property=\"og:description\" content=\"Nathalie Medeiros est coach certifi\u00e9e en \u00e9volution professionnelle depuis\" \/>\n<meta property=\"og:url\" content=\"https:\/\/ingenierie-et-formation.fr\/?page_id=100\" \/>\n<meta property=\"og:site_name\" content=\"Nathalie Medeiros\" \/>\n<meta property=\"article:modified_time\" content=\"2022-03-18T09:42:38+00:00\" \/>\n<meta property=\"og:image\" content=\"http:\/\/ingenierie-et-formation.fr\/wp-content\/uploads\/2020\/11\/achieve-1822503_1920-1-1024x665.jpg\" \/>\n<meta name=\"twitter:card\" content=\"summary_large_image\" \/>\n<meta name=\"twitter:label1\" content=\"Dur\u00e9e de lecture estim\u00e9e\" \/>\n\t<meta name=\"twitter:data1\" content=\"3 minutes\" \/>\n<script type=\"application\/ld+json\" class=\"yoast-schema-graph\">{\"@context\":\"https:\/\/schema.org\",\"@graph\":[{\"@type\":\"WebPage\",\"@id\":\"https:\/\/ingenierie-et-formation.fr\/?page_id=100\",\"url\":\"https:\/\/ingenierie-et-formation.fr\/?page_id=100\",\"name\":\"Coaching - Nathalie Medeiros\",\"isPartOf\":{\"@id\":\"https:\/\/ingenierie-et-formation.fr\/#website\"},\"primaryImageOfPage\":{\"@id\":\"https:\/\/ingenierie-et-formation.fr\/?page_id=100#primaryimage\"},\"image\":{\"@id\":\"https:\/\/ingenierie-et-formation.fr\/?page_id=100#primaryimage\"},\"thumbnailUrl\":\"http:\/\/ingenierie-et-formation.fr\/wp-content\/uploads\/2020\/11\/achieve-1822503_1920-1-1024x665.jpg\",\"datePublished\":\"2020-11-23T16:59:31+00:00\",\"dateModified\":\"2022-03-18T09:42:38+00:00\",\"description\":\"Nathalie Medeiros est coach certifi\u00e9e en \u00e9volution professionnelle depuis\",\"breadcrumb\":{\"@id\":\"https:\/\/ingenierie-et-formation.fr\/?page_id=100#breadcrumb\"},\"inLanguage\":\"fr-FR\",\"potentialAction\":[{\"@type\":\"ReadAction\",\"target\":[\"https:\/\/ingenierie-et-formation.fr\/?page_id=100\"]}]},{\"@type\":\"ImageObject\",\"inLanguage\":\"fr-FR\",\"@id\":\"https:\/\/ingenierie-et-formation.fr\/?page_id=100#primaryimage\",\"url\":\"https:\/\/ingenierie-et-formation.fr\/wp-content\/uploads\/2020\/11\/achieve-1822503_1920-1.jpg\",\"contentUrl\":\"https:\/\/ingenierie-et-formation.fr\/wp-content\/uploads\/2020\/11\/achieve-1822503_1920-1.jpg\",\"width\":1920,\"height\":1247},{\"@type\":\"BreadcrumbList\",\"@id\":\"https:\/\/ingenierie-et-formation.fr\/?page_id=100#breadcrumb\",\"itemListElement\":[{\"@type\":\"ListItem\",\"position\":1,\"name\":\"Accueil\",\"item\":\"https:\/\/ingenierie-et-formation.fr\/\"},{\"@type\":\"ListItem\",\"position\":2,\"name\":\"Coaching\"}]},{\"@type\":\"WebSite\",\"@id\":\"https:\/\/ingenierie-et-formation.fr\/#website\",\"url\":\"https:\/\/ingenierie-et-formation.fr\/\",\"name\":\"Nathalie Medeiros\",\"description\":\"Ing\u00e9nierie et formation\",\"publisher\":{\"@id\":\"https:\/\/ingenierie-et-formation.fr\/#organization\"},\"potentialAction\":[{\"@type\":\"SearchAction\",\"target\":{\"@type\":\"EntryPoint\",\"urlTemplate\":\"https:\/\/ingenierie-et-formation.fr\/?s={search_term_string}\"},\"query-input\":{\"@type\":\"PropertyValueSpecification\",\"valueRequired\":true,\"valueName\":\"search_term_string\"}}],\"inLanguage\":\"fr-FR\"},{\"@type\":\"Organization\",\"@id\":\"https:\/\/ingenierie-et-formation.fr\/#organization\",\"name\":\"Nathalie Medeiros\",\"url\":\"https:\/\/ingenierie-et-formation.fr\/\",\"logo\":{\"@type\":\"ImageObject\",\"inLanguage\":\"fr-FR\",\"@id\":\"https:\/\/ingenierie-et-formation.fr\/#\/schema\/logo\/image\/\",\"url\":\"https:\/\/ingenierie-et-formation.fr\/wp-content\/uploads\/2020\/12\/logo-IF-sans-fond.png\",\"contentUrl\":\"https:\/\/ingenierie-et-formation.fr\/wp-content\/uploads\/2020\/12\/logo-IF-sans-fond.png\",\"width\":1280,\"height\":1078,\"caption\":\"Nathalie Medeiros\"},\"image\":{\"@id\":\"https:\/\/ingenierie-et-formation.fr\/#\/schema\/logo\/image\/\"}}]}<\/script>\n<!-- \/ Yoast SEO plugin. -->","yoast_head_json":{"title":"Coaching - Nathalie Medeiros","description":"Nathalie Medeiros est coach certifi\u00e9e en \u00e9volution professionnelle depuis","robots":{"index":"index","follow":"follow","max-snippet":"max-snippet:-1","max-image-preview":"max-image-preview:large","max-video-preview":"max-video-preview:-1"},"canonical":"https:\/\/ingenierie-et-formation.fr\/?page_id=100","og_locale":"fr_FR","og_type":"article","og_title":"Coaching - Nathalie Medeiros","og_description":"Nathalie Medeiros est coach certifi\u00e9e en \u00e9volution professionnelle depuis","og_url":"https:\/\/ingenierie-et-formation.fr\/?page_id=100","og_site_name":"Nathalie Medeiros","article_modified_time":"2022-03-18T09:42:38+00:00","og_image":[{"url":"http:\/\/ingenierie-et-formation.fr\/wp-content\/uploads\/2020\/11\/achieve-1822503_1920-1-1024x665.jpg","type":"","width":"","height":""}],"twitter_card":"summary_large_image","twitter_misc":{"Dur\u00e9e de lecture estim\u00e9e":"3 minutes"},"schema":{"@context":"https:\/\/schema.org","@graph":[{"@type":"WebPage","@id":"https:\/\/ingenierie-et-formation.fr\/?page_id=100","url":"https:\/\/ingenierie-et-formation.fr\/?page_id=100","name":"Coaching - Nathalie Medeiros","isPartOf":{"@id":"https:\/\/ingenierie-et-formation.fr\/#website"},"primaryImageOfPage":{"@id":"https:\/\/ingenierie-et-formation.fr\/?page_id=100#primaryimage"},"image":{"@id":"https:\/\/ingenierie-et-formation.fr\/?page_id=100#primaryimage"},"thumbnailUrl":"http:\/\/ingenierie-et-formation.fr\/wp-content\/uploads\/2020\/11\/achieve-1822503_1920-1-1024x665.jpg","datePublished":"2020-11-23T16:59:31+00:00","dateModified":"2022-03-18T09:42:38+00:00","description":"Nathalie Medeiros est coach certifi\u00e9e en \u00e9volution professionnelle depuis","breadcrumb":{"@id":"https:\/\/ingenierie-et-formation.fr\/?page_id=100#breadcrumb"},"inLanguage":"fr-FR","potentialAction":[{"@type":"ReadAction","target":["https:\/\/ingenierie-et-formation.fr\/?page_id=100"]}]},{"@type":"ImageObject","inLanguage":"fr-FR","@id":"https:\/\/ingenierie-et-formation.fr\/?page_id=100#primaryimage","url":"https:\/\/ingenierie-et-formation.fr\/wp-content\/uploads\/2020\/11\/achieve-1822503_1920-1.jpg","contentUrl":"https:\/\/ingenierie-et-formation.fr\/wp-content\/uploads\/2020\/11\/achieve-1822503_1920-1.jpg","width":1920,"height":1247},{"@type":"BreadcrumbList","@id":"https:\/\/ingenierie-et-formation.fr\/?page_id=100#breadcrumb","itemListElement":[{"@type":"ListItem","position":1,"name":"Accueil","item":"https:\/\/ingenierie-et-formation.fr\/"},{"@type":"ListItem","position":2,"name":"Coaching"}]},{"@type":"WebSite","@id":"https:\/\/ingenierie-et-formation.fr\/#website","url":"https:\/\/ingenierie-et-formation.fr\/","name":"Nathalie Medeiros","description":"Ing\u00e9nierie et formation","publisher":{"@id":"https:\/\/ingenierie-et-formation.fr\/#organization"},"potentialAction":[{"@type":"SearchAction","target":{"@type":"EntryPoint","urlTemplate":"https:\/\/ingenierie-et-formation.fr\/?s={search_term_string}"},"query-input":{"@type":"PropertyValueSpecification","valueRequired":true,"valueName":"search_term_string"}}],"inLanguage":"fr-FR"},{"@type":"Organization","@id":"https:\/\/ingenierie-et-formation.fr\/#organization","name":"Nathalie Medeiros","url":"https:\/\/ingenierie-et-formation.fr\/","logo":{"@type":"ImageObject","inLanguage":"fr-FR","@id":"https:\/\/ingenierie-et-formation.fr\/#\/schema\/logo\/image\/","url":"https:\/\/ingenierie-et-formation.fr\/wp-content\/uploads\/2020\/12\/logo-IF-sans-fond.png","contentUrl":"https:\/\/ingenierie-et-formation.fr\/wp-content\/uploads\/2020\/12\/logo-IF-sans-fond.png","width":1280,"height":1078,"caption":"Nathalie Medeiros"},"image":{"@id":"https:\/\/ingenierie-et-formation.fr\/#\/schema\/logo\/image\/"}}]}},"_links":{"self":[{"href":"https:\/\/ingenierie-et-formation.fr\/index.php?rest_route=\/wp\/v2\/pages\/100","targetHints":{"allow":["GET"]}}],"collection":[{"href":"https:\/\/ingenierie-et-formation.fr\/index.php?rest_route=\/wp\/v2\/pages"}],"about":[{"href":"https:\/\/ingenierie-et-formation.fr\/index.php?rest_route=\/wp\/v2\/types\/page"}],"author":[{"embeddable":true,"href":"https:\/\/ingenierie-et-formation.fr\/index.php?rest_route=\/wp\/v2\/users\/1"}],"replies":[{"embeddable":true,"href":"https:\/\/ingenierie-et-formation.fr\/index.php?rest_route=%2Fwp%2Fv2%2Fcomments&post=100"}],"version-history":[{"count":25,"href":"https:\/\/ingenierie-et-formation.fr\/index.php?rest_route=\/wp\/v2\/pages\/100\/revisions"}],"predecessor-version":[{"id":918,"href":"https:\/\/ingenierie-et-formation.fr\/index.php?rest_route=\/wp\/v2\/pages\/100\/revisions\/918"}],"wp:attachment":[{"href":"https:\/\/ingenierie-et-formation.fr\/index.php?rest_route=%2Fwp%2Fv2%2Fmedia&parent=100"}],"curies":[{"name":"wp","href":"https:\/\/api.w.org\/{rel}","templated":true}]}}